{"id":4714,"date":"2024-01-12T22:25:00","date_gmt":"2024-01-12T21:25:00","guid":{"rendered":"https:\/\/mon-atelier-creatif.fr\/?page_id=4714"},"modified":"2024-10-13T13:11:15","modified_gmt":"2024-10-13T11:11:15","slug":"qui-sommes-nous","status":"publish","type":"page","link":"https:\/\/mon-atelier-creatif.fr\/index.php\/qui-sommes-nous\/","title":{"rendered":"Qui sommes nous ?"},"content":{"rendered":"\n<h3 class=\"wp-block-heading\" style=\"text-transform:uppercase\">\u00c0 propos de Mon Atelier Cr\u00e9atif<\/h3>\n\n\n\n<h4 class=\"wp-block-heading has-large-font-size\"><strong>Bienvenue sur Mon Atelier Cr\u00e9atif, l&#8217;espace d\u00e9di\u00e9 pour les loisirs cr\u00e9atifs \u00e0 Chauray !<\/strong><\/h4>\n\n\n\n<p class=\"has-medium-font-size\">Je suis enchant\u00e9e de vous accueillir sur mon site internet, une extension de ma boutique physique.<\/p>\n\n\n\n<p class=\"has-medium-font-size\"><strong>Mon histoire<\/strong><\/p>\n\n\n\n<p class=\"has-medium-font-size\">Remontons d&#8217;une vingtaine d&#8217;ann\u00e9es, lorsque j&#8217;ai d\u00e9but\u00e9 en tant qu&#8217;assistante maternelle. Pendant de nombreuses ann\u00e9es, j&#8217;ai pris soin d&#8217;enfants chez moi, m&#8217;effor\u00e7ant de stimuler leur d\u00e9veloppement et leur motricit\u00e9 en concevant des activit\u00e9s ludiques et vari\u00e9es. Mes activit\u00e9s manuelles ont fait le bonheur de tous mes petits pensionnaires et moi m\u00eame. En effet, au fil du temps, cette exp\u00e9rience m&#8217;a r\u00e9v\u00e9l\u00e9 une v\u00e9ritable passion pour la cr\u00e9ation artisanale. Cependant, plus les ann\u00e9es passait et plus se fournir en mat\u00e9riel \u00e9tait difficile avec le manque cruel de magasins d\u00e9di\u00e9s aux loisirs cr\u00e9atifs \u00e0 Niort. J&#8217;ai donc commenc\u00e9 \u00e0 me cr\u00e9er mon propre stock et en commen\u00e7ant \u00e0 fabriquer des cr\u00e9ations artisanales destin\u00e9es \u00e0 la vente.<\/p>\n\n\n\n<p class=\"has-medium-font-size\">Je continue \u00e0 concilier la garde d&#8217;enfants avec la recherche et la fabrication de cr\u00e9ations pour toute la famille. Je participe \u00e0 des march\u00e9s pour me faire conna\u00eetre et vendre mes produits. <\/p>\n\n\n\n<p class=\"has-medium-font-size\">Depuis cette date, le magasin est ouvert <strong>UNIQUEMENT SUR RENDEZ-VOUS.<\/strong><\/p>\n\n\n\n<p class=\"has-medium-font-size\"><strong>Vous y trouverez<\/strong> des <strong>objets de d\u00e9coration tels que des cadres photo, des planches ap\u00e9ros, des bo\u00eetes \u00e0 bijoux.<\/strong> Les enfants peuvent \u00e9galement y trouver leur bonheur avec des <strong>kits d&#8217;activit\u00e9s manuelles, des jeux en bois faits maison<\/strong>.<\/p>\n\n\n\n<p class=\"has-medium-font-size\">Afin que chacun puisse trouver ce qu&#8217;il lui convient, je propose de la <strong>personnalisation<\/strong> sur toutes mes cr\u00e9ations et r\u00e9alise \u00e9galement du sur-mesure pour des demandes sp\u00e9cifiques.<\/p>\n\n\n\n<p class=\"has-medium-font-size\">Si vous \u00eates \u00e0 la recherche d&#8217;id\u00e9es pour des cadeaux originaux ou d\u00e9corations, c&#8217;est par ici, au <strong>83 rue des Guigneraies, Chauray, sur RENDEZ-VOUS, par t\u00e9l\u00e9phone ou SMS ou message Instagram\/Facebook.<\/strong><\/p>\n\n\n\n<p><\/p>\n\n\n\n<p class=\"has-medium-font-size\">Explorez, d\u00e9couvrez, cr\u00e9ez \u00e0 Mon Atelier Cr\u00e9atif !<\/p>\n\n\n\n<p><\/p>\n\n\n\n<figure class=\"wp-block-image size-full\"><a href=\"https:\/\/mon-atelier-creatif.fr\/wp-content\/uploads\/2024\/01\/653b7f7e41d2bb936b8b46d9.webp\"><img loading=\"lazy\" decoding=\"async\" width=\"980\" height=\"573\" src=\"https:\/\/mon-atelier-creatif.fr\/wp-content\/uploads\/2024\/01\/653b7f7e41d2bb936b8b46d9.webp\" alt=\"\" class=\"wp-image-4718\" srcset=\"https:\/\/mon-atelier-creatif.fr\/wp-content\/uploads\/2024\/01\/653b7f7e41d2bb936b8b46d9.webp 980w, https:\/\/mon-atelier-creatif.fr\/wp-content\/uploads\/2024\/01\/653b7f7e41d2bb936b8b46d9-300x175.webp 300w, https:\/\/mon-atelier-creatif.fr\/wp-content\/uploads\/2024\/01\/653b7f7e41d2bb936b8b46d9-768x449.webp 768w, https:\/\/mon-atelier-creatif.fr\/wp-content\/uploads\/2024\/01\/653b7f7e41d2bb936b8b46d9-600x351.webp 600w\" sizes=\"auto, (max-width: 980px) 100vw, 980px\" \/><\/a><\/figure>\n","protected":false},"excerpt":{"rendered":"<p>\u00c0 propos de Mon Atelier Cr\u00e9atif Bienvenue sur Mon Atelier Cr\u00e9atif, l&#8217;espace d\u00e9di\u00e9 pour les loisirs cr\u00e9atifs \u00e0 Chauray ! Je suis enchant\u00e9e de vous accueillir sur mon site internet, une extension de ma boutique physique. Mon histoire Remontons d&#8217;une vingtaine d&#8217;ann\u00e9es, lorsque j&#8217;ai d\u00e9but\u00e9 en tant qu&#8217;assistante maternelle. Pendant de nombreuses ann\u00e9es, j&#8217;ai pris [&hellip;]<\/p>\n","protected":false},"author":1,"featured_media":0,"parent":0,"menu_order":0,"comment_status":"closed","ping_status":"closed","template":"","meta":{"footnotes":""},"class_list":["post-4714","page","type-page","status-publish","hentry","notblog"],"aioseo_notices":[],"jetpack_sharing_enabled":true,"_links":{"self":[{"href":"https:\/\/mon-atelier-creatif.fr\/index.php\/wp-json\/wp\/v2\/pages\/4714","targetHints":{"allow":["GET"]}}],"collection":[{"href":"https:\/\/mon-atelier-creatif.fr\/index.php\/wp-json\/wp\/v2\/pages"}],"about":[{"href":"https:\/\/mon-atelier-creatif.fr\/index.php\/wp-json\/wp\/v2\/types\/page"}],"author":[{"embeddable":true,"href":"https:\/\/mon-atelier-creatif.fr\/index.php\/wp-json\/wp\/v2\/users\/1"}],"replies":[{"embeddable":true,"href":"https:\/\/mon-atelier-creatif.fr\/index.php\/wp-json\/wp\/v2\/comments?post=4714"}],"version-history":[{"count":11,"href":"https:\/\/mon-atelier-creatif.fr\/index.php\/wp-json\/wp\/v2\/pages\/4714\/revisions"}],"predecessor-version":[{"id":7392,"href":"https:\/\/mon-atelier-creatif.fr\/index.php\/wp-json\/wp\/v2\/pages\/4714\/revisions\/7392"}],"wp:attachment":[{"href":"https:\/\/mon-atelier-creatif.fr\/index.php\/wp-json\/wp\/v2\/media?parent=4714"}],"curies":[{"name":"wp","href":"https:\/\/api.w.org\/{rel}","templated":true}]}}