{"id":4167,"date":"2023-09-30T15:58:22","date_gmt":"2023-09-30T13:58:22","guid":{"rendered":"https:\/\/mon-atelier-creatif.fr\/?post_type=product&#038;p=4167"},"modified":"2025-11-01T18:15:18","modified_gmt":"2025-11-01T17:15:18","slug":"porte-bijoux-noir","status":"publish","type":"product","link":"https:\/\/mon-atelier-creatif.fr\/index.php\/product\/porte-bijoux-noir\/","title":{"rendered":"Porte bijoux noir en bois"},"content":{"rendered":"","protected":false},"excerpt":{"rendered":"<p>Notre porte bijoux en bois facilite l&#8217;organisation de vos colliers et boucles d&#8217;oreilles. Ses crochets et trous intelligemment con\u00e7us offrent une solution pratique pour un rangement \u00e9l\u00e9gant. Ajoutez une touche de naturel \u00e0 votre espace tout en gardant vos bijoux \u00e0 port\u00e9e de main.<\/p>\n","protected":false},"featured_media":4161,"comment_status":"open","ping_status":"closed","template":"","meta":[],"product_cat":[235],"product_tag":[],"class_list":{"0":"post-4167","1":"product","2":"type-product","3":"status-publish","4":"has-post-thumbnail","6":"product_cat-portes-bijoux","7":"notblog","9":"first","10":"instock","11":"shipping-taxable","12":"purchasable","13":"product-type-variable"},"aioseo_notices":[],"jetpack_sharing_enabled":true,"_links":{"self":[{"href":"https:\/\/mon-atelier-creatif.fr\/index.php\/wp-json\/wp\/v2\/product\/4167","targetHints":{"allow":["GET"]}}],"collection":[{"href":"https:\/\/mon-atelier-creatif.fr\/index.php\/wp-json\/wp\/v2\/product"}],"about":[{"href":"https:\/\/mon-atelier-creatif.fr\/index.php\/wp-json\/wp\/v2\/types\/product"}],"replies":[{"embeddable":true,"href":"https:\/\/mon-atelier-creatif.fr\/index.php\/wp-json\/wp\/v2\/comments?post=4167"}],"wp:featuredmedia":[{"embeddable":true,"href":"https:\/\/mon-atelier-creatif.fr\/index.php\/wp-json\/wp\/v2\/media\/4161"}],"wp:attachment":[{"href":"https:\/\/mon-atelier-creatif.fr\/index.php\/wp-json\/wp\/v2\/media?parent=4167"}],"wp:term":[{"taxonomy":"product_cat","embeddable":true,"href":"https:\/\/mon-atelier-creatif.fr\/index.php\/wp-json\/wp\/v2\/product_cat?post=4167"},{"taxonomy":"product_tag","embeddable":true,"href":"https:\/\/mon-atelier-creatif.fr\/index.php\/wp-json\/wp\/v2\/product_tag?post=4167"}],"curies":[{"name":"wp","href":"https:\/\/api.w.org\/{rel}","templated":true}]}}