{"id":4175,"date":"2023-09-30T16:15:46","date_gmt":"2023-09-30T14:15:46","guid":{"rendered":"https:\/\/mon-atelier-creatif.fr\/?post_type=product&#038;p=4175"},"modified":"2025-12-29T17:46:16","modified_gmt":"2025-12-29T16:46:16","slug":"porte-bijoux-en-bois-noir-3","status":"publish","type":"product","link":"https:\/\/mon-atelier-creatif.fr\/index.php\/product\/porte-bijoux-en-bois-noir-3\/","title":{"rendered":"Porte bijoux noir en bois"},"content":{"rendered":"","protected":false},"excerpt":{"rendered":"<p>Notre porte bijoux en bois facilite l&#8217;organisation de vos colliers et boucles d&#8217;oreilles. Ses crochets et trous intelligemment con\u00e7us offrent une solution pratique pour un rangement \u00e9l\u00e9gant. Ajoutez une touche de naturel \u00e0 votre espace tout en gardant vos bijoux \u00e0 port\u00e9e de main.<br \/>\n<strong>REF-744<\/strong><br \/>\n<strong>Contactez-moi par mail ou t\u00e9l\u00e9phone pour tous renseignements ou pour passer commande<\/strong><\/p>\n","protected":false},"featured_media":4153,"comment_status":"open","ping_status":"closed","template":"","meta":[],"product_cat":[235],"product_tag":[],"class_list":{"0":"post-4175","1":"product","2":"type-product","3":"status-publish","4":"has-post-thumbnail","6":"product_cat-portes-bijoux","7":"notblog","9":"first","10":"instock","11":"shipping-taxable","12":"purchasable","13":"product-type-variable"},"aioseo_notices":[],"jetpack_sharing_enabled":true,"_links":{"self":[{"href":"https:\/\/mon-atelier-creatif.fr\/index.php\/wp-json\/wp\/v2\/product\/4175","targetHints":{"allow":["GET"]}}],"collection":[{"href":"https:\/\/mon-atelier-creatif.fr\/index.php\/wp-json\/wp\/v2\/product"}],"about":[{"href":"https:\/\/mon-atelier-creatif.fr\/index.php\/wp-json\/wp\/v2\/types\/product"}],"replies":[{"embeddable":true,"href":"https:\/\/mon-atelier-creatif.fr\/index.php\/wp-json\/wp\/v2\/comments?post=4175"}],"wp:featuredmedia":[{"embeddable":true,"href":"https:\/\/mon-atelier-creatif.fr\/index.php\/wp-json\/wp\/v2\/media\/4153"}],"wp:attachment":[{"href":"https:\/\/mon-atelier-creatif.fr\/index.php\/wp-json\/wp\/v2\/media?parent=4175"}],"wp:term":[{"taxonomy":"product_cat","embeddable":true,"href":"https:\/\/mon-atelier-creatif.fr\/index.php\/wp-json\/wp\/v2\/product_cat?post=4175"},{"taxonomy":"product_tag","embeddable":true,"href":"https:\/\/mon-atelier-creatif.fr\/index.php\/wp-json\/wp\/v2\/product_tag?post=4175"}],"curies":[{"name":"wp","href":"https:\/\/api.w.org\/{rel}","templated":true}]}}