{"id":4191,"date":"2023-09-30T17:08:30","date_gmt":"2023-09-30T15:08:30","guid":{"rendered":"https:\/\/mon-atelier-creatif.fr\/?post_type=product&#038;p=4191"},"modified":"2025-12-27T17:05:17","modified_gmt":"2025-12-27T16:05:17","slug":"lanterne-en-bois-noir","status":"publish","type":"product","link":"https:\/\/mon-atelier-creatif.fr\/index.php\/product\/lanterne-en-bois-noir\/","title":{"rendered":"Lanterne en bois noir"},"content":{"rendered":"","protected":false},"excerpt":{"rendered":"<p><strong>REF-301<\/strong><br \/>\nCette lanterne en bois noir est \u00e0 compl\u00e9ter avec une fausse bougie pour cr\u00e9er une ambiance parfaite pour no\u00ebl.<\/p>\n","protected":false},"featured_media":4141,"comment_status":"open","ping_status":"closed","template":"","meta":[],"product_cat":[253,166],"product_tag":[],"class_list":{"0":"post-4191","1":"product","2":"type-product","3":"status-publish","4":"has-post-thumbnail","6":"product_cat-decorations-de-tables","7":"product_cat-evenements-5","8":"notblog","10":"first","11":"instock","12":"shipping-taxable","13":"purchasable","14":"product-type-simple"},"aioseo_notices":[],"jetpack_sharing_enabled":true,"_links":{"self":[{"href":"https:\/\/mon-atelier-creatif.fr\/index.php\/wp-json\/wp\/v2\/product\/4191","targetHints":{"allow":["GET"]}}],"collection":[{"href":"https:\/\/mon-atelier-creatif.fr\/index.php\/wp-json\/wp\/v2\/product"}],"about":[{"href":"https:\/\/mon-atelier-creatif.fr\/index.php\/wp-json\/wp\/v2\/types\/product"}],"replies":[{"embeddable":true,"href":"https:\/\/mon-atelier-creatif.fr\/index.php\/wp-json\/wp\/v2\/comments?post=4191"}],"wp:featuredmedia":[{"embeddable":true,"href":"https:\/\/mon-atelier-creatif.fr\/index.php\/wp-json\/wp\/v2\/media\/4141"}],"wp:attachment":[{"href":"https:\/\/mon-atelier-creatif.fr\/index.php\/wp-json\/wp\/v2\/media?parent=4191"}],"wp:term":[{"taxonomy":"product_cat","embeddable":true,"href":"https:\/\/mon-atelier-creatif.fr\/index.php\/wp-json\/wp\/v2\/product_cat?post=4191"},{"taxonomy":"product_tag","embeddable":true,"href":"https:\/\/mon-atelier-creatif.fr\/index.php\/wp-json\/wp\/v2\/product_tag?post=4191"}],"curies":[{"name":"wp","href":"https:\/\/api.w.org\/{rel}","templated":true}]}}