{"id":4214,"date":"2023-09-30T17:47:38","date_gmt":"2023-09-30T15:47:38","guid":{"rendered":"https:\/\/mon-atelier-creatif.fr\/?post_type=product&#038;p=4214"},"modified":"2024-01-05T12:15:11","modified_gmt":"2024-01-05T11:15:11","slug":"boite-a-bijoux-noire-en-bois-2","status":"publish","type":"product","link":"https:\/\/mon-atelier-creatif.fr\/index.php\/product\/boite-a-bijoux-noire-en-bois-2\/","title":{"rendered":"Bo\u00eete \u00e0 bijoux noire en bois"},"content":{"rendered":"","protected":false},"excerpt":{"rendered":"<p><strong>REF-1111<\/strong><br \/>\nD\u00e9couvrez notre bo\u00eete \u00e0 bijoux en bois, un espace de rangement \u00e9l\u00e9gant et pratique pour vos colliers, boucles d&#8217;oreilles&#8230; Fabriqu\u00e9e en bois, cette bo\u00eete \u00e0 bijoux offre un design original pour un rangement organis\u00e9 et esth\u00e9tique. Une pi\u00e8ce parfaite pour votre collection de bijoux.<\/p>\n","protected":false},"featured_media":4130,"comment_status":"open","ping_status":"closed","template":"","meta":[],"product_cat":[234],"product_tag":[],"class_list":{"0":"post-4214","1":"product","2":"type-product","3":"status-publish","4":"has-post-thumbnail","6":"product_cat-boites-a-bijoux-idees-cadeaux","7":"notblog","9":"first","10":"instock","11":"shipping-taxable","12":"purchasable","13":"product-type-simple"},"aioseo_notices":[],"jetpack_sharing_enabled":true,"_links":{"self":[{"href":"https:\/\/mon-atelier-creatif.fr\/index.php\/wp-json\/wp\/v2\/product\/4214","targetHints":{"allow":["GET"]}}],"collection":[{"href":"https:\/\/mon-atelier-creatif.fr\/index.php\/wp-json\/wp\/v2\/product"}],"about":[{"href":"https:\/\/mon-atelier-creatif.fr\/index.php\/wp-json\/wp\/v2\/types\/product"}],"replies":[{"embeddable":true,"href":"https:\/\/mon-atelier-creatif.fr\/index.php\/wp-json\/wp\/v2\/comments?post=4214"}],"wp:featuredmedia":[{"embeddable":true,"href":"https:\/\/mon-atelier-creatif.fr\/index.php\/wp-json\/wp\/v2\/media\/4130"}],"wp:attachment":[{"href":"https:\/\/mon-atelier-creatif.fr\/index.php\/wp-json\/wp\/v2\/media?parent=4214"}],"wp:term":[{"taxonomy":"product_cat","embeddable":true,"href":"https:\/\/mon-atelier-creatif.fr\/index.php\/wp-json\/wp\/v2\/product_cat?post=4214"},{"taxonomy":"product_tag","embeddable":true,"href":"https:\/\/mon-atelier-creatif.fr\/index.php\/wp-json\/wp\/v2\/product_tag?post=4214"}],"curies":[{"name":"wp","href":"https:\/\/api.w.org\/{rel}","templated":true}]}}