{"id":4230,"date":"2023-10-07T15:59:52","date_gmt":"2023-10-07T13:59:52","guid":{"rendered":"https:\/\/mon-atelier-creatif.fr\/?post_type=product&#038;p=4230"},"modified":"2024-03-01T18:15:17","modified_gmt":"2024-03-01T17:15:17","slug":"boite-a-bijoux-en-bois-4","status":"publish","type":"product","link":"https:\/\/mon-atelier-creatif.fr\/index.php\/product\/boite-a-bijoux-en-bois-4\/","title":{"rendered":"Bo\u00eete \u00e0 bijoux en bois"},"content":{"rendered":"","protected":false},"excerpt":{"rendered":"<p><strong>REF-1117<\/strong><br \/>\nD\u00e9couvrez notre bo\u00eete \u00e0 bijoux en bois, un espace de rangement \u00e9l\u00e9gant et pratique pour vos colliers, boucles d&#8217;oreilles&#8230; Fabriqu\u00e9e en bois, cette bo\u00eete \u00e0 bijoux offre un design original  pour un rangement organis\u00e9 et esth\u00e9tique. Une pi\u00e8ce parfaite pour votre collection de bijoux.<\/p>\n","protected":false},"featured_media":4126,"comment_status":"open","ping_status":"closed","template":"","meta":[],"product_cat":[234],"product_tag":[],"class_list":{"0":"post-4230","1":"product","2":"type-product","3":"status-publish","4":"has-post-thumbnail","6":"product_cat-boites-a-bijoux-idees-cadeaux","7":"notblog","9":"first","10":"instock","11":"shipping-taxable","12":"purchasable","13":"product-type-simple"},"aioseo_notices":[],"jetpack_sharing_enabled":true,"_links":{"self":[{"href":"https:\/\/mon-atelier-creatif.fr\/index.php\/wp-json\/wp\/v2\/product\/4230","targetHints":{"allow":["GET"]}}],"collection":[{"href":"https:\/\/mon-atelier-creatif.fr\/index.php\/wp-json\/wp\/v2\/product"}],"about":[{"href":"https:\/\/mon-atelier-creatif.fr\/index.php\/wp-json\/wp\/v2\/types\/product"}],"replies":[{"embeddable":true,"href":"https:\/\/mon-atelier-creatif.fr\/index.php\/wp-json\/wp\/v2\/comments?post=4230"}],"wp:featuredmedia":[{"embeddable":true,"href":"https:\/\/mon-atelier-creatif.fr\/index.php\/wp-json\/wp\/v2\/media\/4126"}],"wp:attachment":[{"href":"https:\/\/mon-atelier-creatif.fr\/index.php\/wp-json\/wp\/v2\/media?parent=4230"}],"wp:term":[{"taxonomy":"product_cat","embeddable":true,"href":"https:\/\/mon-atelier-creatif.fr\/index.php\/wp-json\/wp\/v2\/product_cat?post=4230"},{"taxonomy":"product_tag","embeddable":true,"href":"https:\/\/mon-atelier-creatif.fr\/index.php\/wp-json\/wp\/v2\/product_tag?post=4230"}],"curies":[{"name":"wp","href":"https:\/\/api.w.org\/{rel}","templated":true}]}}