{"id":4265,"date":"2023-10-07T17:30:47","date_gmt":"2023-10-07T15:30:47","guid":{"rendered":"https:\/\/mon-atelier-creatif.fr\/?post_type=product&#038;p=4265"},"modified":"2023-11-06T20:36:55","modified_gmt":"2023-11-06T19:36:55","slug":"planche-apero-en-bois-5","status":"publish","type":"product","link":"https:\/\/mon-atelier-creatif.fr\/index.php\/product\/planche-apero-en-bois-5\/","title":{"rendered":"Planche ap\u00e9ro en bois"},"content":{"rendered":"","protected":false},"excerpt":{"rendered":"<p>Trouvez le cadeau id\u00e9al pour vos proches avec nos superbes planches ap\u00e9ritives en bois originales qui allient \u00e0 la fois utilit\u00e9 et esth\u00e9tisme. Cette planche humoristique sur le th\u00e8me de la Bretagne est un beau clin d&#8217;\u0153il aux Bretons.<\/p>\n","protected":false},"featured_media":4244,"comment_status":"open","ping_status":"closed","template":"","meta":[],"product_cat":[237],"product_tag":[],"class_list":{"0":"post-4265","1":"product","2":"type-product","3":"status-publish","4":"has-post-thumbnail","6":"product_cat-planches-apero","7":"notblog","9":"first","10":"instock","11":"shipping-taxable","12":"purchasable","13":"product-type-simple"},"aioseo_notices":[],"jetpack_sharing_enabled":true,"_links":{"self":[{"href":"https:\/\/mon-atelier-creatif.fr\/index.php\/wp-json\/wp\/v2\/product\/4265","targetHints":{"allow":["GET"]}}],"collection":[{"href":"https:\/\/mon-atelier-creatif.fr\/index.php\/wp-json\/wp\/v2\/product"}],"about":[{"href":"https:\/\/mon-atelier-creatif.fr\/index.php\/wp-json\/wp\/v2\/types\/product"}],"replies":[{"embeddable":true,"href":"https:\/\/mon-atelier-creatif.fr\/index.php\/wp-json\/wp\/v2\/comments?post=4265"}],"wp:featuredmedia":[{"embeddable":true,"href":"https:\/\/mon-atelier-creatif.fr\/index.php\/wp-json\/wp\/v2\/media\/4244"}],"wp:attachment":[{"href":"https:\/\/mon-atelier-creatif.fr\/index.php\/wp-json\/wp\/v2\/media?parent=4265"}],"wp:term":[{"taxonomy":"product_cat","embeddable":true,"href":"https:\/\/mon-atelier-creatif.fr\/index.php\/wp-json\/wp\/v2\/product_cat?post=4265"},{"taxonomy":"product_tag","embeddable":true,"href":"https:\/\/mon-atelier-creatif.fr\/index.php\/wp-json\/wp\/v2\/product_tag?post=4265"}],"curies":[{"name":"wp","href":"https:\/\/api.w.org\/{rel}","templated":true}]}}