{"id":4306,"date":"2023-10-14T17:08:39","date_gmt":"2023-10-14T15:08:39","guid":{"rendered":"https:\/\/mon-atelier-creatif.fr\/?post_type=product&#038;p=4306"},"modified":"2023-10-14T17:08:39","modified_gmt":"2023-10-14T15:08:39","slug":"trouve-lautre-moitie-du-bonbon","status":"publish","type":"product","link":"https:\/\/mon-atelier-creatif.fr\/index.php\/product\/trouve-lautre-moitie-du-bonbon\/","title":{"rendered":"Trouve l&#8217;autre moiti\u00e9 du bonbon"},"content":{"rendered":"","protected":false},"excerpt":{"rendered":"<p><strong>REF-802<\/strong><br \/>\nCe jeu en bois permet aux enfants d&#8217;assembler des moiti\u00e9s de bonbons en bois color\u00e9es pour stimuler leur cr\u00e9ativit\u00e9 et leur coordination. Un jeu ludique favorisant le d\u00e9veloppement de la motricit\u00e9 fine.<\/p>\n","protected":false},"featured_media":4309,"comment_status":"open","ping_status":"closed","template":"","meta":[],"product_cat":[240],"product_tag":[],"class_list":{"0":"post-4306","1":"product","2":"type-product","3":"status-publish","4":"has-post-thumbnail","6":"product_cat-jeux-en-bois","7":"notblog","9":"first","10":"instock","11":"shipping-taxable","12":"purchasable","13":"product-type-simple"},"aioseo_notices":[],"jetpack_sharing_enabled":true,"_links":{"self":[{"href":"https:\/\/mon-atelier-creatif.fr\/index.php\/wp-json\/wp\/v2\/product\/4306","targetHints":{"allow":["GET"]}}],"collection":[{"href":"https:\/\/mon-atelier-creatif.fr\/index.php\/wp-json\/wp\/v2\/product"}],"about":[{"href":"https:\/\/mon-atelier-creatif.fr\/index.php\/wp-json\/wp\/v2\/types\/product"}],"replies":[{"embeddable":true,"href":"https:\/\/mon-atelier-creatif.fr\/index.php\/wp-json\/wp\/v2\/comments?post=4306"}],"wp:featuredmedia":[{"embeddable":true,"href":"https:\/\/mon-atelier-creatif.fr\/index.php\/wp-json\/wp\/v2\/media\/4309"}],"wp:attachment":[{"href":"https:\/\/mon-atelier-creatif.fr\/index.php\/wp-json\/wp\/v2\/media?parent=4306"}],"wp:term":[{"taxonomy":"product_cat","embeddable":true,"href":"https:\/\/mon-atelier-creatif.fr\/index.php\/wp-json\/wp\/v2\/product_cat?post=4306"},{"taxonomy":"product_tag","embeddable":true,"href":"https:\/\/mon-atelier-creatif.fr\/index.php\/wp-json\/wp\/v2\/product_tag?post=4306"}],"curies":[{"name":"wp","href":"https:\/\/api.w.org\/{rel}","templated":true}]}}