{"id":4337,"date":"2023-10-14T17:35:46","date_gmt":"2023-10-14T15:35:46","guid":{"rendered":"https:\/\/mon-atelier-creatif.fr\/?post_type=product&#038;p=4337"},"modified":"2025-12-29T18:01:40","modified_gmt":"2025-12-29T17:01:40","slug":"grande-boite-a-photos","status":"publish","type":"product","link":"https:\/\/mon-atelier-creatif.fr\/index.php\/product\/grande-boite-a-photos\/","title":{"rendered":"Grande bo\u00eete \u00e0 photos"},"content":{"rendered":"","protected":false},"excerpt":{"rendered":"<p><strong>REF-758<\/strong><br \/>\nLa bo\u00eete \u00e0 photos carr\u00e9e est \u00e0 la fois un cadre photo et une bo\u00eete de rangement. Elle permet d&#8217;afficher fi\u00e8rement quatre photos tout en offrant un espace pratique pour ranger de petits souvenirs ou objets pr\u00e9cieux.<br \/>\n<strong>Contactez-moi par mail ou t\u00e9l\u00e9phone pour tous renseignements ou pour passer commande<\/strong><\/p>\n","protected":false},"featured_media":4291,"comment_status":"open","ping_status":"closed","template":"","meta":[],"product_cat":[176,251],"product_tag":[],"class_list":{"0":"post-4337","1":"product","2":"type-product","3":"status-publish","4":"has-post-thumbnail","6":"product_cat-cadres-photos-2","7":"product_cat-cadres-photos","8":"notblog","10":"first","11":"instock","12":"shipping-taxable","13":"purchasable","14":"product-type-simple"},"aioseo_notices":[],"jetpack_sharing_enabled":true,"_links":{"self":[{"href":"https:\/\/mon-atelier-creatif.fr\/index.php\/wp-json\/wp\/v2\/product\/4337","targetHints":{"allow":["GET"]}}],"collection":[{"href":"https:\/\/mon-atelier-creatif.fr\/index.php\/wp-json\/wp\/v2\/product"}],"about":[{"href":"https:\/\/mon-atelier-creatif.fr\/index.php\/wp-json\/wp\/v2\/types\/product"}],"replies":[{"embeddable":true,"href":"https:\/\/mon-atelier-creatif.fr\/index.php\/wp-json\/wp\/v2\/comments?post=4337"}],"wp:featuredmedia":[{"embeddable":true,"href":"https:\/\/mon-atelier-creatif.fr\/index.php\/wp-json\/wp\/v2\/media\/4291"}],"wp:attachment":[{"href":"https:\/\/mon-atelier-creatif.fr\/index.php\/wp-json\/wp\/v2\/media?parent=4337"}],"wp:term":[{"taxonomy":"product_cat","embeddable":true,"href":"https:\/\/mon-atelier-creatif.fr\/index.php\/wp-json\/wp\/v2\/product_cat?post=4337"},{"taxonomy":"product_tag","embeddable":true,"href":"https:\/\/mon-atelier-creatif.fr\/index.php\/wp-json\/wp\/v2\/product_tag?post=4337"}],"curies":[{"name":"wp","href":"https:\/\/api.w.org\/{rel}","templated":true}]}}