{"id":4353,"date":"2023-10-14T18:07:28","date_gmt":"2023-10-14T16:07:28","guid":{"rendered":"https:\/\/mon-atelier-creatif.fr\/?post_type=product&#038;p=4353"},"modified":"2025-12-29T17:38:26","modified_gmt":"2025-12-29T16:38:26","slug":"calendrier-de-lavent-en-train","status":"publish","type":"product","link":"https:\/\/mon-atelier-creatif.fr\/index.php\/product\/calendrier-de-lavent-en-train\/","title":{"rendered":"Calendrier de l&#8217;avent en train"},"content":{"rendered":"","protected":false},"excerpt":{"rendered":"<p><strong>REF-742<\/strong><br \/>\nCe calendrier de l&#8217;avent en forme de train est une mani\u00e8re captivante de c\u00e9l\u00e9brer les jours pr\u00e9c\u00e9dant No\u00ebl. Ce calendrier unique s&#8217;ouvre pour r\u00e9v\u00e9ler de petites surprises quotidiennes, ajoutant une touche de magie \u00e0 la p\u00e9riode des f\u00eates. Chaque case mesure 6.5 cm x 3.5 cm x 4 cm, de quoi laisser de la place pour un ou plusieurs chocolats !<br \/>\n<strong>Contactez-moi par mail ou t\u00e9l\u00e9phone pour tous renseignements ou pour passer commande<\/strong><\/p>\n","protected":false},"featured_media":4351,"comment_status":"open","ping_status":"closed","template":"","meta":[],"product_cat":[166],"product_tag":[],"class_list":{"0":"post-4353","1":"product","2":"type-product","3":"status-publish","4":"has-post-thumbnail","6":"product_cat-evenements-5","7":"notblog","9":"first","10":"instock","11":"shipping-taxable","12":"purchasable","13":"product-type-simple"},"aioseo_notices":[],"jetpack_sharing_enabled":true,"_links":{"self":[{"href":"https:\/\/mon-atelier-creatif.fr\/index.php\/wp-json\/wp\/v2\/product\/4353","targetHints":{"allow":["GET"]}}],"collection":[{"href":"https:\/\/mon-atelier-creatif.fr\/index.php\/wp-json\/wp\/v2\/product"}],"about":[{"href":"https:\/\/mon-atelier-creatif.fr\/index.php\/wp-json\/wp\/v2\/types\/product"}],"replies":[{"embeddable":true,"href":"https:\/\/mon-atelier-creatif.fr\/index.php\/wp-json\/wp\/v2\/comments?post=4353"}],"wp:featuredmedia":[{"embeddable":true,"href":"https:\/\/mon-atelier-creatif.fr\/index.php\/wp-json\/wp\/v2\/media\/4351"}],"wp:attachment":[{"href":"https:\/\/mon-atelier-creatif.fr\/index.php\/wp-json\/wp\/v2\/media?parent=4353"}],"wp:term":[{"taxonomy":"product_cat","embeddable":true,"href":"https:\/\/mon-atelier-creatif.fr\/index.php\/wp-json\/wp\/v2\/product_cat?post=4353"},{"taxonomy":"product_tag","embeddable":true,"href":"https:\/\/mon-atelier-creatif.fr\/index.php\/wp-json\/wp\/v2\/product_tag?post=4353"}],"curies":[{"name":"wp","href":"https:\/\/api.w.org\/{rel}","templated":true}]}}