{"id":4491,"date":"2023-11-06T20:27:20","date_gmt":"2023-11-06T19:27:20","guid":{"rendered":"https:\/\/mon-atelier-creatif.fr\/?post_type=product&#038;p=4491"},"modified":"2023-11-06T20:27:53","modified_gmt":"2023-11-06T19:27:53","slug":"planche-apero-personnalisable-2","status":"publish","type":"product","link":"https:\/\/mon-atelier-creatif.fr\/index.php\/product\/planche-apero-personnalisable-2\/","title":{"rendered":"Planche ap\u00e9ro personnalisable"},"content":{"rendered":"","protected":false},"excerpt":{"rendered":"<p>Donnez une touche d&#8217;\u00e9l\u00e9gance \u00e0 votre d\u00e9coration avec notre planche ap\u00e9ro en bois personnalisable. Cr\u00e9ez une pi\u00e8ce unique en y ajoutant une gravure personnalis\u00e9e. Un mariage parfait entre fonctionnalit\u00e9 et esth\u00e9tique pour sublimer votre int\u00e9rieur. Vous avez le choix entre deux tailles de planches selon vos envies.<br \/>\n<strong>Pour recevoir un visuel avant l\u2019achat, contactez nous !<\/strong><\/p>\n<p>Aucun retour ni remboursement n\u2019est possible pour ce produit personnalisable.<\/p>\n","protected":false},"featured_media":4478,"comment_status":"open","ping_status":"closed","template":"","meta":[],"product_cat":[254,237],"product_tag":[],"class_list":{"0":"post-4491","1":"product","2":"type-product","3":"status-publish","4":"has-post-thumbnail","6":"product_cat-personnalisation","7":"product_cat-planches-apero","8":"notblog","10":"first","11":"instock","12":"shipping-taxable","13":"purchasable","14":"product-type-variable"},"aioseo_notices":[],"jetpack_sharing_enabled":true,"_links":{"self":[{"href":"https:\/\/mon-atelier-creatif.fr\/index.php\/wp-json\/wp\/v2\/product\/4491","targetHints":{"allow":["GET"]}}],"collection":[{"href":"https:\/\/mon-atelier-creatif.fr\/index.php\/wp-json\/wp\/v2\/product"}],"about":[{"href":"https:\/\/mon-atelier-creatif.fr\/index.php\/wp-json\/wp\/v2\/types\/product"}],"replies":[{"embeddable":true,"href":"https:\/\/mon-atelier-creatif.fr\/index.php\/wp-json\/wp\/v2\/comments?post=4491"}],"wp:featuredmedia":[{"embeddable":true,"href":"https:\/\/mon-atelier-creatif.fr\/index.php\/wp-json\/wp\/v2\/media\/4478"}],"wp:attachment":[{"href":"https:\/\/mon-atelier-creatif.fr\/index.php\/wp-json\/wp\/v2\/media?parent=4491"}],"wp:term":[{"taxonomy":"product_cat","embeddable":true,"href":"https:\/\/mon-atelier-creatif.fr\/index.php\/wp-json\/wp\/v2\/product_cat?post=4491"},{"taxonomy":"product_tag","embeddable":true,"href":"https:\/\/mon-atelier-creatif.fr\/index.php\/wp-json\/wp\/v2\/product_tag?post=4491"}],"curies":[{"name":"wp","href":"https:\/\/api.w.org\/{rel}","templated":true}]}}