{"id":4509,"date":"2023-11-08T20:28:41","date_gmt":"2023-11-08T19:28:41","guid":{"rendered":"https:\/\/mon-atelier-creatif.fr\/?post_type=product&#038;p=4509"},"modified":"2023-11-08T20:41:16","modified_gmt":"2023-11-08T19:41:16","slug":"planche-apero-en-bois-11","status":"publish","type":"product","link":"https:\/\/mon-atelier-creatif.fr\/index.php\/product\/planche-apero-en-bois-11\/","title":{"rendered":"Planche ap\u00e9ro en bois"},"content":{"rendered":"","protected":false},"excerpt":{"rendered":"<p>Trouvez le cadeau id\u00e9al pour vos proches avec nos superbes planches ap\u00e9ritives en bois originales qui allient \u00e0 la fois utilit\u00e9 et esth\u00e9tisme. Cette planche rend hommage aux jeunes (et ancien) retrait\u00e9s..<\/p>\n","protected":false},"featured_media":4507,"comment_status":"open","ping_status":"closed","template":"","meta":[],"product_cat":[237],"product_tag":[],"class_list":{"0":"post-4509","1":"product","2":"type-product","3":"status-publish","4":"has-post-thumbnail","6":"product_cat-planches-apero","7":"notblog","9":"first","10":"instock","11":"shipping-taxable","12":"purchasable","13":"product-type-simple"},"aioseo_notices":[],"jetpack_sharing_enabled":true,"_links":{"self":[{"href":"https:\/\/mon-atelier-creatif.fr\/index.php\/wp-json\/wp\/v2\/product\/4509","targetHints":{"allow":["GET"]}}],"collection":[{"href":"https:\/\/mon-atelier-creatif.fr\/index.php\/wp-json\/wp\/v2\/product"}],"about":[{"href":"https:\/\/mon-atelier-creatif.fr\/index.php\/wp-json\/wp\/v2\/types\/product"}],"replies":[{"embeddable":true,"href":"https:\/\/mon-atelier-creatif.fr\/index.php\/wp-json\/wp\/v2\/comments?post=4509"}],"wp:featuredmedia":[{"embeddable":true,"href":"https:\/\/mon-atelier-creatif.fr\/index.php\/wp-json\/wp\/v2\/media\/4507"}],"wp:attachment":[{"href":"https:\/\/mon-atelier-creatif.fr\/index.php\/wp-json\/wp\/v2\/media?parent=4509"}],"wp:term":[{"taxonomy":"product_cat","embeddable":true,"href":"https:\/\/mon-atelier-creatif.fr\/index.php\/wp-json\/wp\/v2\/product_cat?post=4509"},{"taxonomy":"product_tag","embeddable":true,"href":"https:\/\/mon-atelier-creatif.fr\/index.php\/wp-json\/wp\/v2\/product_tag?post=4509"}],"curies":[{"name":"wp","href":"https:\/\/api.w.org\/{rel}","templated":true}]}}