{"id":4588,"date":"2024-01-04T11:50:04","date_gmt":"2024-01-04T10:50:04","guid":{"rendered":"https:\/\/mon-atelier-creatif.fr\/?post_type=product&#038;p=4588"},"modified":"2024-09-02T17:04:38","modified_gmt":"2024-09-02T15:04:38","slug":"poisson-en-platre","status":"publish","type":"product","link":"https:\/\/mon-atelier-creatif.fr\/index.php\/product\/poisson-en-platre\/","title":{"rendered":"Poisson en pl\u00e2tre"},"content":{"rendered":"","protected":false},"excerpt":{"rendered":"<p><strong>REF-588<\/strong><br \/>\nPoisson en pl\u00e2tre, pr\u00eat \u00e0 peindre avec la peinture de votre choix.<br \/>\nCe poisson fera un petit vide poche bien pratique et d\u00e9coratif.<\/p>\n","protected":false},"featured_media":6838,"comment_status":"open","ping_status":"closed","template":"","meta":[],"product_cat":[242,275,239,258],"product_tag":[],"class_list":{"0":"post-4588","1":"product","2":"type-product","3":"status-publish","4":"has-post-thumbnail","6":"product_cat-kits-activites-manuelles","7":"product_cat-platre-et-modelage","8":"product_cat-jeux-enfants","9":"product_cat-supports-a-decorer","10":"notblog","12":"first","13":"instock","14":"shipping-taxable","15":"purchasable","16":"product-type-simple"},"aioseo_notices":[],"jetpack_sharing_enabled":true,"_links":{"self":[{"href":"https:\/\/mon-atelier-creatif.fr\/index.php\/wp-json\/wp\/v2\/product\/4588","targetHints":{"allow":["GET"]}}],"collection":[{"href":"https:\/\/mon-atelier-creatif.fr\/index.php\/wp-json\/wp\/v2\/product"}],"about":[{"href":"https:\/\/mon-atelier-creatif.fr\/index.php\/wp-json\/wp\/v2\/types\/product"}],"replies":[{"embeddable":true,"href":"https:\/\/mon-atelier-creatif.fr\/index.php\/wp-json\/wp\/v2\/comments?post=4588"}],"wp:featuredmedia":[{"embeddable":true,"href":"https:\/\/mon-atelier-creatif.fr\/index.php\/wp-json\/wp\/v2\/media\/6838"}],"wp:attachment":[{"href":"https:\/\/mon-atelier-creatif.fr\/index.php\/wp-json\/wp\/v2\/media?parent=4588"}],"wp:term":[{"taxonomy":"product_cat","embeddable":true,"href":"https:\/\/mon-atelier-creatif.fr\/index.php\/wp-json\/wp\/v2\/product_cat?post=4588"},{"taxonomy":"product_tag","embeddable":true,"href":"https:\/\/mon-atelier-creatif.fr\/index.php\/wp-json\/wp\/v2\/product_tag?post=4588"}],"curies":[{"name":"wp","href":"https:\/\/api.w.org\/{rel}","templated":true}]}}