{"id":4601,"date":"2024-01-06T12:44:28","date_gmt":"2024-01-06T11:44:28","guid":{"rendered":"https:\/\/mon-atelier-creatif.fr\/?post_type=product&#038;p=4601"},"modified":"2024-01-17T22:08:55","modified_gmt":"2024-01-17T21:08:55","slug":"panier-de-paques-en-bois","status":"publish","type":"product","link":"https:\/\/mon-atelier-creatif.fr\/index.php\/product\/panier-de-paques-en-bois\/","title":{"rendered":"Panier de p\u00e2ques en bois"},"content":{"rendered":"","protected":false},"excerpt":{"rendered":"<p><strong>REF-1903<\/strong><br \/>\nCe panier de P\u00e2ques en bois est un contenant d\u00e9coratif con\u00e7u sp\u00e9cialement pour c\u00e9l\u00e9brer la f\u00eate de P\u00e2ques. Fabriqu\u00e9 en bois, ce panier offre une esth\u00e9tique chaleureuse et rustique, parfaitement adapt\u00e9e pour la collecte d&#8217;\u0153ufs de P\u00e2ques, la pr\u00e9sentation de cadeaux ou la d\u00e9coration festive. <\/p>\n","protected":false},"featured_media":4757,"comment_status":"open","ping_status":"closed","template":"","meta":[],"product_cat":[158,258],"product_tag":[],"class_list":{"0":"post-4601","1":"product","2":"type-product","3":"status-publish","4":"has-post-thumbnail","6":"product_cat-evenements-3","7":"product_cat-supports-a-decorer","8":"notblog","10":"first","11":"instock","12":"shipping-taxable","13":"purchasable","14":"product-type-simple"},"aioseo_notices":[],"jetpack_sharing_enabled":true,"_links":{"self":[{"href":"https:\/\/mon-atelier-creatif.fr\/index.php\/wp-json\/wp\/v2\/product\/4601","targetHints":{"allow":["GET"]}}],"collection":[{"href":"https:\/\/mon-atelier-creatif.fr\/index.php\/wp-json\/wp\/v2\/product"}],"about":[{"href":"https:\/\/mon-atelier-creatif.fr\/index.php\/wp-json\/wp\/v2\/types\/product"}],"replies":[{"embeddable":true,"href":"https:\/\/mon-atelier-creatif.fr\/index.php\/wp-json\/wp\/v2\/comments?post=4601"}],"wp:featuredmedia":[{"embeddable":true,"href":"https:\/\/mon-atelier-creatif.fr\/index.php\/wp-json\/wp\/v2\/media\/4757"}],"wp:attachment":[{"href":"https:\/\/mon-atelier-creatif.fr\/index.php\/wp-json\/wp\/v2\/media?parent=4601"}],"wp:term":[{"taxonomy":"product_cat","embeddable":true,"href":"https:\/\/mon-atelier-creatif.fr\/index.php\/wp-json\/wp\/v2\/product_cat?post=4601"},{"taxonomy":"product_tag","embeddable":true,"href":"https:\/\/mon-atelier-creatif.fr\/index.php\/wp-json\/wp\/v2\/product_tag?post=4601"}],"curies":[{"name":"wp","href":"https:\/\/api.w.org\/{rel}","templated":true}]}}