{"id":5188,"date":"2024-02-02T18:12:38","date_gmt":"2024-02-02T17:12:38","guid":{"rendered":"https:\/\/mon-atelier-creatif.fr\/?post_type=product&#038;p=5188"},"modified":"2024-02-03T16:22:56","modified_gmt":"2024-02-03T15:22:56","slug":"cadre-love","status":"publish","type":"product","link":"https:\/\/mon-atelier-creatif.fr\/index.php\/product\/cadre-love\/","title":{"rendered":"Cadre Love"},"content":{"rendered":"","protected":false},"excerpt":{"rendered":"<p><strong>REF-305<\/strong><br \/>\nCadre Love en bois naturel avec un couple de mari\u00e9s coll\u00e9 dessus.<br \/>\nLe cadre peut \u00eatre d\u00e9cor\u00e9 selon vos envies ou laiss\u00e9 naturel.<br \/>\nCet objet d\u00e9coratif est con\u00e7u pour \u00eatre pos\u00e9.<\/p>\n","protected":false},"featured_media":5223,"comment_status":"open","ping_status":"closed","template":"","meta":[],"product_cat":[253,215,157],"product_tag":[],"class_list":{"0":"post-5188","1":"product","2":"type-product","3":"status-publish","4":"has-post-thumbnail","6":"product_cat-decorations-de-tables","7":"product_cat-en-bois","8":"product_cat-evenements-2","9":"notblog","11":"first","12":"instock","13":"shipping-taxable","14":"purchasable","15":"product-type-simple"},"aioseo_notices":[],"jetpack_sharing_enabled":true,"_links":{"self":[{"href":"https:\/\/mon-atelier-creatif.fr\/index.php\/wp-json\/wp\/v2\/product\/5188","targetHints":{"allow":["GET"]}}],"collection":[{"href":"https:\/\/mon-atelier-creatif.fr\/index.php\/wp-json\/wp\/v2\/product"}],"about":[{"href":"https:\/\/mon-atelier-creatif.fr\/index.php\/wp-json\/wp\/v2\/types\/product"}],"replies":[{"embeddable":true,"href":"https:\/\/mon-atelier-creatif.fr\/index.php\/wp-json\/wp\/v2\/comments?post=5188"}],"wp:featuredmedia":[{"embeddable":true,"href":"https:\/\/mon-atelier-creatif.fr\/index.php\/wp-json\/wp\/v2\/media\/5223"}],"wp:attachment":[{"href":"https:\/\/mon-atelier-creatif.fr\/index.php\/wp-json\/wp\/v2\/media?parent=5188"}],"wp:term":[{"taxonomy":"product_cat","embeddable":true,"href":"https:\/\/mon-atelier-creatif.fr\/index.php\/wp-json\/wp\/v2\/product_cat?post=5188"},{"taxonomy":"product_tag","embeddable":true,"href":"https:\/\/mon-atelier-creatif.fr\/index.php\/wp-json\/wp\/v2\/product_tag?post=5188"}],"curies":[{"name":"wp","href":"https:\/\/api.w.org\/{rel}","templated":true}]}}