{"id":5849,"date":"2024-02-16T19:25:41","date_gmt":"2024-02-16T18:25:41","guid":{"rendered":"https:\/\/mon-atelier-creatif.fr\/?post_type=product&#038;p=5849"},"modified":"2025-12-29T17:02:42","modified_gmt":"2025-12-29T16:02:42","slug":"marque-table-a-personnaliser","status":"publish","type":"product","link":"https:\/\/mon-atelier-creatif.fr\/index.php\/product\/marque-table-a-personnaliser\/","title":{"rendered":"Marque table \u00e0 personnaliser"},"content":{"rendered":"","protected":false},"excerpt":{"rendered":"<p><strong>REF-727<\/strong><br \/>\nCe marque table en bois est enti\u00e8rement personnalisable pour le rendre adaptable au th\u00e8me de votre mariage ou autre.<br \/>\nIl est tr\u00e8s utile et original pour pr\u00e9parer votre plan de table  et faciliter le placement de vos invit\u00e9s.<br \/>\nChoisissez la gravure de votre choix.<br \/>\nPour tout autre d\u00e9tails ou demandes, n&#8217;h\u00e9sitez pas \u00e0 nous contacter directement.<\/p>\n<p><strong>Contactez-moi par mail ou t\u00e9l\u00e9phone pour tous renseignements ou pour passer commande<\/strong><\/p>\n","protected":false},"featured_media":5852,"comment_status":"open","ping_status":"closed","template":"","meta":[],"product_cat":[213,253,157,254],"product_tag":[],"class_list":{"0":"post-5849","1":"product","2":"type-product","3":"status-publish","4":"has-post-thumbnail","6":"product_cat-anniversaire","7":"product_cat-decorations-de-tables","8":"product_cat-evenements-2","9":"product_cat-personnalisation","10":"notblog","12":"first","13":"instock","14":"shipping-taxable","15":"purchasable","16":"product-type-simple"},"aioseo_notices":[],"jetpack_sharing_enabled":true,"_links":{"self":[{"href":"https:\/\/mon-atelier-creatif.fr\/index.php\/wp-json\/wp\/v2\/product\/5849","targetHints":{"allow":["GET"]}}],"collection":[{"href":"https:\/\/mon-atelier-creatif.fr\/index.php\/wp-json\/wp\/v2\/product"}],"about":[{"href":"https:\/\/mon-atelier-creatif.fr\/index.php\/wp-json\/wp\/v2\/types\/product"}],"replies":[{"embeddable":true,"href":"https:\/\/mon-atelier-creatif.fr\/index.php\/wp-json\/wp\/v2\/comments?post=5849"}],"wp:featuredmedia":[{"embeddable":true,"href":"https:\/\/mon-atelier-creatif.fr\/index.php\/wp-json\/wp\/v2\/media\/5852"}],"wp:attachment":[{"href":"https:\/\/mon-atelier-creatif.fr\/index.php\/wp-json\/wp\/v2\/media?parent=5849"}],"wp:term":[{"taxonomy":"product_cat","embeddable":true,"href":"https:\/\/mon-atelier-creatif.fr\/index.php\/wp-json\/wp\/v2\/product_cat?post=5849"},{"taxonomy":"product_tag","embeddable":true,"href":"https:\/\/mon-atelier-creatif.fr\/index.php\/wp-json\/wp\/v2\/product_tag?post=5849"}],"curies":[{"name":"wp","href":"https:\/\/api.w.org\/{rel}","templated":true}]}}