{"id":5878,"date":"2024-02-16T20:10:58","date_gmt":"2024-02-16T19:10:58","guid":{"rendered":"https:\/\/mon-atelier-creatif.fr\/?post_type=product&#038;p=5878"},"modified":"2025-12-27T18:27:55","modified_gmt":"2025-12-27T17:27:55","slug":"enveloppe-en-bois-personnalisable","status":"publish","type":"product","link":"https:\/\/mon-atelier-creatif.fr\/index.php\/product\/enveloppe-en-bois-personnalisable\/","title":{"rendered":"Enveloppe en bois personnalisable"},"content":{"rendered":"<p><strong>REF-804<\/strong><\/p>\n","protected":false},"excerpt":{"rendered":"<p><strong>REF-804<\/strong><br \/>\nEnvoyez des v\u0153ux chaleureux et m\u00e9morables avec notre enveloppe en bois personnalisable. Offrez un cadeau \u00e9l\u00e9gant et original, parfait pour c\u00e9l\u00e9brer des \u00e9v\u00e9nements sp\u00e9ciaux et exprimer vos sentiments de mani\u00e8re unique et authentique.<br \/>\nDemandez l&#8217;inscription de votre choix pour un anniversaire, un no\u00ebl ou tout autre \u00e9v\u00e8nement. Enti\u00e8rement personnalisable.<br \/>\nContactez-moi par mail ou t\u00e9l\u00e9phone pour tous renseignements ou commande<\/p>\n","protected":false},"featured_media":7475,"comment_status":"open","ping_status":"closed","template":"","meta":[],"product_cat":[213,270,175,254],"product_tag":[],"class_list":{"0":"post-5878","1":"product","2":"type-product","3":"status-publish","4":"has-post-thumbnail","6":"product_cat-anniversaire","7":"product_cat-en-bois-idees-cadeaux","8":"product_cat-idees-cadeaux","9":"product_cat-personnalisation","10":"notblog","12":"first","13":"instock","14":"shipping-taxable","15":"purchasable","16":"product-type-simple"},"aioseo_notices":[],"jetpack_sharing_enabled":true,"_links":{"self":[{"href":"https:\/\/mon-atelier-creatif.fr\/index.php\/wp-json\/wp\/v2\/product\/5878","targetHints":{"allow":["GET"]}}],"collection":[{"href":"https:\/\/mon-atelier-creatif.fr\/index.php\/wp-json\/wp\/v2\/product"}],"about":[{"href":"https:\/\/mon-atelier-creatif.fr\/index.php\/wp-json\/wp\/v2\/types\/product"}],"replies":[{"embeddable":true,"href":"https:\/\/mon-atelier-creatif.fr\/index.php\/wp-json\/wp\/v2\/comments?post=5878"}],"wp:featuredmedia":[{"embeddable":true,"href":"https:\/\/mon-atelier-creatif.fr\/index.php\/wp-json\/wp\/v2\/media\/7475"}],"wp:attachment":[{"href":"https:\/\/mon-atelier-creatif.fr\/index.php\/wp-json\/wp\/v2\/media?parent=5878"}],"wp:term":[{"taxonomy":"product_cat","embeddable":true,"href":"https:\/\/mon-atelier-creatif.fr\/index.php\/wp-json\/wp\/v2\/product_cat?post=5878"},{"taxonomy":"product_tag","embeddable":true,"href":"https:\/\/mon-atelier-creatif.fr\/index.php\/wp-json\/wp\/v2\/product_tag?post=5878"}],"curies":[{"name":"wp","href":"https:\/\/api.w.org\/{rel}","templated":true}]}}