{"id":5879,"date":"2024-02-16T20:16:12","date_gmt":"2024-02-16T19:16:12","guid":{"rendered":"https:\/\/mon-atelier-creatif.fr\/?post_type=product&#038;p=5879"},"modified":"2025-07-22T18:35:16","modified_gmt":"2025-07-22T16:35:16","slug":"puzzle-en-bois","status":"publish","type":"product","link":"https:\/\/mon-atelier-creatif.fr\/index.php\/product\/puzzle-en-bois\/","title":{"rendered":"Puzzle en bois"},"content":{"rendered":"","protected":false},"excerpt":{"rendered":"<p><strong>REF-1383<\/strong><br \/>\nD\u00e9couvrez notre puzzle de mots doux, sp\u00e9cialement con\u00e7u pour c\u00e9l\u00e9brer la douceur d&#8217;une maman exceptionnelle. Pr\u00e9sent\u00e9 dans une bo\u00eete de rangement en bois \u00e9l\u00e9gante, ce cadeau unique promet des moments de d\u00e9tente et de r\u00e9flexion, tout en cr\u00e9ant des souvenirs pr\u00e9cieux. Offrez \u00e0 votre maman une exp\u00e9rience m\u00e9morable avec ce puzzle attentionn\u00e9 et chaleureux.<br \/>\nLe puzzle mesure 26 cm.<\/p>\n","protected":false},"featured_media":5870,"comment_status":"open","ping_status":"closed","template":"","meta":[],"product_cat":[213,270,151,252,175,241],"product_tag":[],"class_list":{"0":"post-5879","1":"product","2":"type-product","3":"status-publish","4":"has-post-thumbnail","6":"product_cat-anniversaire","7":"product_cat-en-bois-idees-cadeaux","8":"product_cat-evenements","9":"product_cat-famille","10":"product_cat-idees-cadeaux","11":"product_cat-puzzles-en-bois","12":"notblog","14":"first","15":"instock","16":"shipping-taxable","17":"purchasable","18":"product-type-simple"},"aioseo_notices":[],"jetpack_sharing_enabled":true,"_links":{"self":[{"href":"https:\/\/mon-atelier-creatif.fr\/index.php\/wp-json\/wp\/v2\/product\/5879","targetHints":{"allow":["GET"]}}],"collection":[{"href":"https:\/\/mon-atelier-creatif.fr\/index.php\/wp-json\/wp\/v2\/product"}],"about":[{"href":"https:\/\/mon-atelier-creatif.fr\/index.php\/wp-json\/wp\/v2\/types\/product"}],"replies":[{"embeddable":true,"href":"https:\/\/mon-atelier-creatif.fr\/index.php\/wp-json\/wp\/v2\/comments?post=5879"}],"wp:featuredmedia":[{"embeddable":true,"href":"https:\/\/mon-atelier-creatif.fr\/index.php\/wp-json\/wp\/v2\/media\/5870"}],"wp:attachment":[{"href":"https:\/\/mon-atelier-creatif.fr\/index.php\/wp-json\/wp\/v2\/media?parent=5879"}],"wp:term":[{"taxonomy":"product_cat","embeddable":true,"href":"https:\/\/mon-atelier-creatif.fr\/index.php\/wp-json\/wp\/v2\/product_cat?post=5879"},{"taxonomy":"product_tag","embeddable":true,"href":"https:\/\/mon-atelier-creatif.fr\/index.php\/wp-json\/wp\/v2\/product_tag?post=5879"}],"curies":[{"name":"wp","href":"https:\/\/api.w.org\/{rel}","templated":true}]}}