{"id":6800,"date":"2024-03-06T17:21:47","date_gmt":"2024-03-06T16:21:47","guid":{"rendered":"https:\/\/mon-atelier-creatif.fr\/?post_type=product&#038;p=6800"},"modified":"2024-09-02T17:06:01","modified_gmt":"2024-09-02T15:06:01","slug":"coeur-vide-poche-en-platre","status":"publish","type":"product","link":"https:\/\/mon-atelier-creatif.fr\/index.php\/product\/coeur-vide-poche-en-platre\/","title":{"rendered":"Coeur (vide poche) en pl\u00e2tre"},"content":{"rendered":"","protected":false},"excerpt":{"rendered":"<p><strong>REF-280<\/strong><br \/>\nCe c\u0153ur en pl\u00e2tre sera bien pratique comme vide poche. Il peut \u00eatre d\u00e9cor\u00e9 \u00e0 votre guise, soit avec de la peinture ou bien du serviettage, paillettes, etc&#8230;.<br \/>\nLaissez libre cours \u00e0 votre imagination.<\/p>\n","protected":false},"featured_media":6802,"comment_status":"open","ping_status":"closed","template":"","meta":[],"product_cat":[213,242,275,239,177,258],"product_tag":[],"class_list":{"0":"post-6800","1":"product","2":"type-product","3":"status-publish","4":"has-post-thumbnail","6":"product_cat-anniversaire","7":"product_cat-kits-activites-manuelles","8":"product_cat-platre-et-modelage","9":"product_cat-jeux-enfants","10":"product_cat-produits","11":"product_cat-supports-a-decorer","12":"notblog","14":"first","15":"instock","16":"shipping-taxable","17":"purchasable","18":"product-type-simple"},"aioseo_notices":[],"jetpack_sharing_enabled":true,"_links":{"self":[{"href":"https:\/\/mon-atelier-creatif.fr\/index.php\/wp-json\/wp\/v2\/product\/6800","targetHints":{"allow":["GET"]}}],"collection":[{"href":"https:\/\/mon-atelier-creatif.fr\/index.php\/wp-json\/wp\/v2\/product"}],"about":[{"href":"https:\/\/mon-atelier-creatif.fr\/index.php\/wp-json\/wp\/v2\/types\/product"}],"replies":[{"embeddable":true,"href":"https:\/\/mon-atelier-creatif.fr\/index.php\/wp-json\/wp\/v2\/comments?post=6800"}],"wp:featuredmedia":[{"embeddable":true,"href":"https:\/\/mon-atelier-creatif.fr\/index.php\/wp-json\/wp\/v2\/media\/6802"}],"wp:attachment":[{"href":"https:\/\/mon-atelier-creatif.fr\/index.php\/wp-json\/wp\/v2\/media?parent=6800"}],"wp:term":[{"taxonomy":"product_cat","embeddable":true,"href":"https:\/\/mon-atelier-creatif.fr\/index.php\/wp-json\/wp\/v2\/product_cat?post=6800"},{"taxonomy":"product_tag","embeddable":true,"href":"https:\/\/mon-atelier-creatif.fr\/index.php\/wp-json\/wp\/v2\/product_tag?post=6800"}],"curies":[{"name":"wp","href":"https:\/\/api.w.org\/{rel}","templated":true}]}}