{"id":6929,"date":"2024-03-17T12:22:54","date_gmt":"2024-03-17T11:22:54","guid":{"rendered":"https:\/\/mon-atelier-creatif.fr\/?post_type=product&#038;p=6929"},"modified":"2025-12-27T18:51:20","modified_gmt":"2025-12-27T17:51:20","slug":"cadre-papa-avec-mains-en-bois","status":"publish","type":"product","link":"https:\/\/mon-atelier-creatif.fr\/index.php\/product\/cadre-papa-avec-mains-en-bois\/","title":{"rendered":"Cadre papa avec mains en bois"},"content":{"rendered":"<p><strong>REF-311<\/strong><br \/>\nUn joli cadre tout en bois pour Papa. Peu \u00eatre r\u00e9alis\u00e9 de 1 main \u00e0 4 mains d&#8217;enfants.<br \/>\nUn cadeau qui fera beaucoup d&#8217;effet sur les papas.<br \/>\n<strong>Contactez-moi par mail ou t\u00e9l\u00e9phone pour tous renseignements ou commande<\/strong><\/p>\n","protected":false},"excerpt":{"rendered":"<p>REF-311 Un joli cadre tout en bois pour Papa. Peu \u00eatre r\u00e9alis\u00e9 de 1 main \u00e0 4 mains d&#8217;enfants. Un cadeau qui fera beaucoup d&#8217;effet sur les papas. Contactez-moi par mail ou t\u00e9l\u00e9phone pour tous renseignements ou commande<\/p>\n","protected":false},"featured_media":6931,"comment_status":"open","ping_status":"closed","template":"","meta":[],"product_cat":[270,252,248,254],"product_tag":[],"class_list":{"0":"post-6929","1":"product","2":"type-product","3":"status-publish","4":"has-post-thumbnail","6":"product_cat-en-bois-idees-cadeaux","7":"product_cat-famille","8":"product_cat-naissance","9":"product_cat-personnalisation","10":"notblog","12":"first","13":"instock","14":"shipping-taxable","15":"purchasable","16":"product-type-variable"},"aioseo_notices":[],"jetpack_sharing_enabled":true,"_links":{"self":[{"href":"https:\/\/mon-atelier-creatif.fr\/index.php\/wp-json\/wp\/v2\/product\/6929","targetHints":{"allow":["GET"]}}],"collection":[{"href":"https:\/\/mon-atelier-creatif.fr\/index.php\/wp-json\/wp\/v2\/product"}],"about":[{"href":"https:\/\/mon-atelier-creatif.fr\/index.php\/wp-json\/wp\/v2\/types\/product"}],"replies":[{"embeddable":true,"href":"https:\/\/mon-atelier-creatif.fr\/index.php\/wp-json\/wp\/v2\/comments?post=6929"}],"wp:featuredmedia":[{"embeddable":true,"href":"https:\/\/mon-atelier-creatif.fr\/index.php\/wp-json\/wp\/v2\/media\/6931"}],"wp:attachment":[{"href":"https:\/\/mon-atelier-creatif.fr\/index.php\/wp-json\/wp\/v2\/media?parent=6929"}],"wp:term":[{"taxonomy":"product_cat","embeddable":true,"href":"https:\/\/mon-atelier-creatif.fr\/index.php\/wp-json\/wp\/v2\/product_cat?post=6929"},{"taxonomy":"product_tag","embeddable":true,"href":"https:\/\/mon-atelier-creatif.fr\/index.php\/wp-json\/wp\/v2\/product_tag?post=6929"}],"curies":[{"name":"wp","href":"https:\/\/api.w.org\/{rel}","templated":true}]}}