{"id":7344,"date":"2024-06-16T18:11:46","date_gmt":"2024-06-16T16:11:46","guid":{"rendered":"https:\/\/mon-atelier-creatif.fr\/?post_type=product&#038;p=7344"},"modified":"2025-12-29T14:11:29","modified_gmt":"2025-12-29T13:11:29","slug":"jeu-de-lacage","status":"publish","type":"product","link":"https:\/\/mon-atelier-creatif.fr\/index.php\/product\/jeu-de-lacage\/","title":{"rendered":"Jeu de la\u00e7age"},"content":{"rendered":"","protected":false},"excerpt":{"rendered":"<p><strong>REF-51<\/strong><br \/>\nJeu de la\u00e7age en bois naturel qui se compose de 4 formes diff\u00e9rentes. Un lapin, une girafe, une chaussure et un chat ainsi que 4 lacets de diff\u00e9rentes couleur.<br \/>\nC&#8217;est un jeu destin\u00e9 aussi bien aux jeunes enfants ainsi qu&#8217;aux s\u00e9niors car il d\u00e9veloppe la motricit\u00e9 fine.<br \/>\n<strong> Contactez-moi par mail ou t\u00e9l\u00e9phone pour tous renseignements ou pour passer commande<\/strong><\/p>\n","protected":false},"featured_media":7345,"comment_status":"open","ping_status":"closed","template":"","meta":[],"product_cat":[270,175,240,239],"product_tag":[],"class_list":{"0":"post-7344","1":"product","2":"type-product","3":"status-publish","4":"has-post-thumbnail","6":"product_cat-en-bois-idees-cadeaux","7":"product_cat-idees-cadeaux","8":"product_cat-jeux-en-bois","9":"product_cat-jeux-enfants","10":"notblog","12":"first","13":"instock","14":"shipping-taxable","15":"purchasable","16":"product-type-simple"},"aioseo_notices":[],"jetpack_sharing_enabled":true,"_links":{"self":[{"href":"https:\/\/mon-atelier-creatif.fr\/index.php\/wp-json\/wp\/v2\/product\/7344","targetHints":{"allow":["GET"]}}],"collection":[{"href":"https:\/\/mon-atelier-creatif.fr\/index.php\/wp-json\/wp\/v2\/product"}],"about":[{"href":"https:\/\/mon-atelier-creatif.fr\/index.php\/wp-json\/wp\/v2\/types\/product"}],"replies":[{"embeddable":true,"href":"https:\/\/mon-atelier-creatif.fr\/index.php\/wp-json\/wp\/v2\/comments?post=7344"}],"wp:featuredmedia":[{"embeddable":true,"href":"https:\/\/mon-atelier-creatif.fr\/index.php\/wp-json\/wp\/v2\/media\/7345"}],"wp:attachment":[{"href":"https:\/\/mon-atelier-creatif.fr\/index.php\/wp-json\/wp\/v2\/media?parent=7344"}],"wp:term":[{"taxonomy":"product_cat","embeddable":true,"href":"https:\/\/mon-atelier-creatif.fr\/index.php\/wp-json\/wp\/v2\/product_cat?post=7344"},{"taxonomy":"product_tag","embeddable":true,"href":"https:\/\/mon-atelier-creatif.fr\/index.php\/wp-json\/wp\/v2\/product_tag?post=7344"}],"curies":[{"name":"wp","href":"https:\/\/api.w.org\/{rel}","templated":true}]}}