{"id":7354,"date":"2024-07-04T13:52:33","date_gmt":"2024-07-04T11:52:33","guid":{"rendered":"https:\/\/mon-atelier-creatif.fr\/?post_type=product&#038;p=7354"},"modified":"2024-07-04T13:52:34","modified_gmt":"2024-07-04T11:52:34","slug":"lanternes-en-bois","status":"publish","type":"product","link":"https:\/\/mon-atelier-creatif.fr\/index.php\/product\/lanternes-en-bois\/","title":{"rendered":"Lanternes en bois"},"content":{"rendered":"","protected":false},"excerpt":{"rendered":"<p><strong>REF-1059<\/strong><\/p>\n<p>Jolie lanterne en bois avec porte pour y mettre une bougie \u00e0 led.<br \/>\nSon dessin feuillage vous permettra de la poser dans tout les int\u00e9rieurs et diffusera une douce lumi\u00e8re tr\u00e8s agr\u00e9able.<br \/>\nExiste en 3 dimensions \u00e0 combiner \u00e0 souhait.  <\/p>\n","protected":false},"featured_media":7356,"comment_status":"open","ping_status":"closed","template":"","meta":[],"product_cat":[249,253,270,151,175,157],"product_tag":[],"class_list":{"0":"post-7354","1":"product","2":"type-product","3":"status-publish","4":"has-post-thumbnail","6":"product_cat-decorations","7":"product_cat-decorations-de-tables","8":"product_cat-en-bois-idees-cadeaux","9":"product_cat-evenements","10":"product_cat-idees-cadeaux","11":"product_cat-evenements-2","12":"notblog","14":"first","15":"instock","16":"shipping-taxable","17":"purchasable","18":"product-type-simple"},"aioseo_notices":[],"jetpack_sharing_enabled":true,"_links":{"self":[{"href":"https:\/\/mon-atelier-creatif.fr\/index.php\/wp-json\/wp\/v2\/product\/7354","targetHints":{"allow":["GET"]}}],"collection":[{"href":"https:\/\/mon-atelier-creatif.fr\/index.php\/wp-json\/wp\/v2\/product"}],"about":[{"href":"https:\/\/mon-atelier-creatif.fr\/index.php\/wp-json\/wp\/v2\/types\/product"}],"replies":[{"embeddable":true,"href":"https:\/\/mon-atelier-creatif.fr\/index.php\/wp-json\/wp\/v2\/comments?post=7354"}],"wp:featuredmedia":[{"embeddable":true,"href":"https:\/\/mon-atelier-creatif.fr\/index.php\/wp-json\/wp\/v2\/media\/7356"}],"wp:attachment":[{"href":"https:\/\/mon-atelier-creatif.fr\/index.php\/wp-json\/wp\/v2\/media?parent=7354"}],"wp:term":[{"taxonomy":"product_cat","embeddable":true,"href":"https:\/\/mon-atelier-creatif.fr\/index.php\/wp-json\/wp\/v2\/product_cat?post=7354"},{"taxonomy":"product_tag","embeddable":true,"href":"https:\/\/mon-atelier-creatif.fr\/index.php\/wp-json\/wp\/v2\/product_tag?post=7354"}],"curies":[{"name":"wp","href":"https:\/\/api.w.org\/{rel}","templated":true}]}}