{"id":7358,"date":"2024-07-08T17:53:16","date_gmt":"2024-07-08T15:53:16","guid":{"rendered":"https:\/\/mon-atelier-creatif.fr\/?post_type=product&#038;p=7358"},"modified":"2025-12-28T12:25:46","modified_gmt":"2025-12-28T11:25:46","slug":"arbre-de-vie-sur-ardoise","status":"publish","type":"product","link":"https:\/\/mon-atelier-creatif.fr\/index.php\/product\/arbre-de-vie-sur-ardoise\/","title":{"rendered":"Arbre de vie sur ardoise"},"content":{"rendered":"","protected":false},"excerpt":{"rendered":"<p>REF- 1127<\/p>\n<p>Un arbre de vie sur ardoise qui viendra d\u00e9corer votre mur ou bien simplement pos\u00e9 sur un chevalet.<br \/>\nLes pr\u00e9noms sont coll\u00e9s tout autour de l&#8217;arbre. On peut \u00e9galement les graver sur des c\u0153urs en bois par exemple pour les disposer sur l&#8217;arbre.<br \/>\nA pr\u00e9ciser au moment de la commande.  <\/p>\n","protected":false},"featured_media":7359,"comment_status":"open","ping_status":"closed","template":"","meta":[],"product_cat":[213,249,270,151,252,175,168],"product_tag":[],"class_list":{"0":"post-7358","1":"product","2":"type-product","3":"status-publish","4":"has-post-thumbnail","6":"product_cat-anniversaire","7":"product_cat-decorations","8":"product_cat-en-bois-idees-cadeaux","9":"product_cat-evenements","10":"product_cat-famille","11":"product_cat-idees-cadeaux","12":"product_cat-evenements-7","13":"notblog","15":"first","16":"instock","17":"shipping-taxable","18":"purchasable","19":"product-type-simple"},"aioseo_notices":[],"jetpack_sharing_enabled":true,"_links":{"self":[{"href":"https:\/\/mon-atelier-creatif.fr\/index.php\/wp-json\/wp\/v2\/product\/7358","targetHints":{"allow":["GET"]}}],"collection":[{"href":"https:\/\/mon-atelier-creatif.fr\/index.php\/wp-json\/wp\/v2\/product"}],"about":[{"href":"https:\/\/mon-atelier-creatif.fr\/index.php\/wp-json\/wp\/v2\/types\/product"}],"replies":[{"embeddable":true,"href":"https:\/\/mon-atelier-creatif.fr\/index.php\/wp-json\/wp\/v2\/comments?post=7358"}],"wp:featuredmedia":[{"embeddable":true,"href":"https:\/\/mon-atelier-creatif.fr\/index.php\/wp-json\/wp\/v2\/media\/7359"}],"wp:attachment":[{"href":"https:\/\/mon-atelier-creatif.fr\/index.php\/wp-json\/wp\/v2\/media?parent=7358"}],"wp:term":[{"taxonomy":"product_cat","embeddable":true,"href":"https:\/\/mon-atelier-creatif.fr\/index.php\/wp-json\/wp\/v2\/product_cat?post=7358"},{"taxonomy":"product_tag","embeddable":true,"href":"https:\/\/mon-atelier-creatif.fr\/index.php\/wp-json\/wp\/v2\/product_tag?post=7358"}],"curies":[{"name":"wp","href":"https:\/\/api.w.org\/{rel}","templated":true}]}}