{"id":7361,"date":"2024-08-06T14:51:12","date_gmt":"2024-08-06T12:51:12","guid":{"rendered":"https:\/\/mon-atelier-creatif.fr\/?post_type=product&#038;p=7361"},"modified":"2024-08-06T14:51:13","modified_gmt":"2024-08-06T12:51:13","slug":"fleur-de-vie-10-cm","status":"publish","type":"product","link":"https:\/\/mon-atelier-creatif.fr\/index.php\/product\/fleur-de-vie-10-cm\/","title":{"rendered":"Fleur de vie ( 10 cm)"},"content":{"rendered":"","protected":false},"excerpt":{"rendered":"<p><strong>REF-1742<\/strong><\/p>\n<p>Fleur de vie de 10 cm de diam\u00e8tre en bois naturel. Id\u00e9al pour y mettre vos pierres naturels \u00e0 recharger au soleil.<\/p>\n","protected":false},"featured_media":7362,"comment_status":"open","ping_status":"closed","template":"","meta":[],"product_cat":[234,249,270,175,235],"product_tag":[],"class_list":{"0":"post-7361","1":"product","2":"type-product","3":"status-publish","4":"has-post-thumbnail","6":"product_cat-boites-a-bijoux-idees-cadeaux","7":"product_cat-decorations","8":"product_cat-en-bois-idees-cadeaux","9":"product_cat-idees-cadeaux","10":"product_cat-portes-bijoux","11":"notblog","13":"first","14":"instock","15":"shipping-taxable","16":"purchasable","17":"product-type-simple"},"aioseo_notices":[],"jetpack_sharing_enabled":true,"_links":{"self":[{"href":"https:\/\/mon-atelier-creatif.fr\/index.php\/wp-json\/wp\/v2\/product\/7361","targetHints":{"allow":["GET"]}}],"collection":[{"href":"https:\/\/mon-atelier-creatif.fr\/index.php\/wp-json\/wp\/v2\/product"}],"about":[{"href":"https:\/\/mon-atelier-creatif.fr\/index.php\/wp-json\/wp\/v2\/types\/product"}],"replies":[{"embeddable":true,"href":"https:\/\/mon-atelier-creatif.fr\/index.php\/wp-json\/wp\/v2\/comments?post=7361"}],"wp:featuredmedia":[{"embeddable":true,"href":"https:\/\/mon-atelier-creatif.fr\/index.php\/wp-json\/wp\/v2\/media\/7362"}],"wp:attachment":[{"href":"https:\/\/mon-atelier-creatif.fr\/index.php\/wp-json\/wp\/v2\/media?parent=7361"}],"wp:term":[{"taxonomy":"product_cat","embeddable":true,"href":"https:\/\/mon-atelier-creatif.fr\/index.php\/wp-json\/wp\/v2\/product_cat?post=7361"},{"taxonomy":"product_tag","embeddable":true,"href":"https:\/\/mon-atelier-creatif.fr\/index.php\/wp-json\/wp\/v2\/product_tag?post=7361"}],"curies":[{"name":"wp","href":"https:\/\/api.w.org\/{rel}","templated":true}]}}