{"id":7370,"date":"2024-08-06T16:49:05","date_gmt":"2024-08-06T14:49:05","guid":{"rendered":"https:\/\/mon-atelier-creatif.fr\/?post_type=product&#038;p=7370"},"modified":"2024-08-06T16:49:06","modified_gmt":"2024-08-06T14:49:06","slug":"boite-ronde","status":"publish","type":"product","link":"https:\/\/mon-atelier-creatif.fr\/index.php\/product\/boite-ronde\/","title":{"rendered":"Bo\u00eete ronde"},"content":{"rendered":"","protected":false},"excerpt":{"rendered":"<p><strong>REF-767<\/strong><\/p>\n<p>Une jolie bo\u00eete ronde tout en bois naturel, tr\u00e8s raffin\u00e9e gr\u00e2ce \u00e0 ses d\u00e9coupes fines.<br \/>\nElle pourra tenir sa place dans toutes les pi\u00e8ces de votre maison, que ce soit pour y mettre des bijoux ou des souvenirs.<br \/>\nElle a un diam\u00e8tre de 18 cm et une hauteur total de 9,5 cm. <\/p>\n","protected":false},"featured_media":7371,"comment_status":"open","ping_status":"closed","template":"","meta":[],"product_cat":[234,249,253,270,175],"product_tag":[],"class_list":{"0":"post-7370","1":"product","2":"type-product","3":"status-publish","4":"has-post-thumbnail","6":"product_cat-boites-a-bijoux-idees-cadeaux","7":"product_cat-decorations","8":"product_cat-decorations-de-tables","9":"product_cat-en-bois-idees-cadeaux","10":"product_cat-idees-cadeaux","11":"notblog","13":"first","14":"instock","15":"shipping-taxable","16":"purchasable","17":"product-type-simple"},"aioseo_notices":[],"jetpack_sharing_enabled":true,"_links":{"self":[{"href":"https:\/\/mon-atelier-creatif.fr\/index.php\/wp-json\/wp\/v2\/product\/7370","targetHints":{"allow":["GET"]}}],"collection":[{"href":"https:\/\/mon-atelier-creatif.fr\/index.php\/wp-json\/wp\/v2\/product"}],"about":[{"href":"https:\/\/mon-atelier-creatif.fr\/index.php\/wp-json\/wp\/v2\/types\/product"}],"replies":[{"embeddable":true,"href":"https:\/\/mon-atelier-creatif.fr\/index.php\/wp-json\/wp\/v2\/comments?post=7370"}],"wp:featuredmedia":[{"embeddable":true,"href":"https:\/\/mon-atelier-creatif.fr\/index.php\/wp-json\/wp\/v2\/media\/7371"}],"wp:attachment":[{"href":"https:\/\/mon-atelier-creatif.fr\/index.php\/wp-json\/wp\/v2\/media?parent=7370"}],"wp:term":[{"taxonomy":"product_cat","embeddable":true,"href":"https:\/\/mon-atelier-creatif.fr\/index.php\/wp-json\/wp\/v2\/product_cat?post=7370"},{"taxonomy":"product_tag","embeddable":true,"href":"https:\/\/mon-atelier-creatif.fr\/index.php\/wp-json\/wp\/v2\/product_tag?post=7370"}],"curies":[{"name":"wp","href":"https:\/\/api.w.org\/{rel}","templated":true}]}}