{"id":7378,"date":"2024-08-06T17:14:03","date_gmt":"2024-08-06T15:14:03","guid":{"rendered":"https:\/\/mon-atelier-creatif.fr\/?post_type=product&#038;p=7378"},"modified":"2024-08-06T17:15:52","modified_gmt":"2024-08-06T15:15:52","slug":"assiette-pour-le-pere-noel","status":"publish","type":"product","link":"https:\/\/mon-atelier-creatif.fr\/index.php\/product\/assiette-pour-le-pere-noel\/","title":{"rendered":"Assiette pour le p\u00e8re No\u00ebl"},"content":{"rendered":"","protected":false},"excerpt":{"rendered":"<p><strong>REF-765<\/strong><\/p>\n<p>Les enfants vont pouvoir pr\u00e9parer la petite collation pour le p\u00e8re no\u00ebl avec un plaisir immense.<br \/>\nIl y a m\u00eame un emplacement pour y poser un verre de lait et des cookies.<br \/>\nGardons la belle tradition de no\u00ebl&#8230;<\/p>\n","protected":false},"featured_media":7379,"comment_status":"open","ping_status":"closed","template":"","meta":[],"product_cat":[249,151,252,166],"product_tag":[],"class_list":{"0":"post-7378","1":"product","2":"type-product","3":"status-publish","4":"has-post-thumbnail","6":"product_cat-decorations","7":"product_cat-evenements","8":"product_cat-famille","9":"product_cat-evenements-5","10":"notblog","12":"first","13":"instock","14":"shipping-taxable","15":"purchasable","16":"product-type-simple"},"aioseo_notices":[],"jetpack_sharing_enabled":true,"_links":{"self":[{"href":"https:\/\/mon-atelier-creatif.fr\/index.php\/wp-json\/wp\/v2\/product\/7378","targetHints":{"allow":["GET"]}}],"collection":[{"href":"https:\/\/mon-atelier-creatif.fr\/index.php\/wp-json\/wp\/v2\/product"}],"about":[{"href":"https:\/\/mon-atelier-creatif.fr\/index.php\/wp-json\/wp\/v2\/types\/product"}],"replies":[{"embeddable":true,"href":"https:\/\/mon-atelier-creatif.fr\/index.php\/wp-json\/wp\/v2\/comments?post=7378"}],"wp:featuredmedia":[{"embeddable":true,"href":"https:\/\/mon-atelier-creatif.fr\/index.php\/wp-json\/wp\/v2\/media\/7379"}],"wp:attachment":[{"href":"https:\/\/mon-atelier-creatif.fr\/index.php\/wp-json\/wp\/v2\/media?parent=7378"}],"wp:term":[{"taxonomy":"product_cat","embeddable":true,"href":"https:\/\/mon-atelier-creatif.fr\/index.php\/wp-json\/wp\/v2\/product_cat?post=7378"},{"taxonomy":"product_tag","embeddable":true,"href":"https:\/\/mon-atelier-creatif.fr\/index.php\/wp-json\/wp\/v2\/product_tag?post=7378"}],"curies":[{"name":"wp","href":"https:\/\/api.w.org\/{rel}","templated":true}]}}