{"id":7384,"date":"2024-09-02T16:58:30","date_gmt":"2024-09-02T14:58:30","guid":{"rendered":"https:\/\/mon-atelier-creatif.fr\/?post_type=product&#038;p=7384"},"modified":"2024-09-02T16:58:31","modified_gmt":"2024-09-02T14:58:31","slug":"cadre-souvenir","status":"publish","type":"product","link":"https:\/\/mon-atelier-creatif.fr\/index.php\/product\/cadre-souvenir\/","title":{"rendered":"Cadre souvenir"},"content":{"rendered":"","protected":false},"excerpt":{"rendered":"<p><strong>REF- 50<\/strong><br \/>\nCe joli cadre en bois et plexi glass fera un merveilleux souvenir quand votre enfant ira \u00e0 l&#8217;\u00e9cole par exemple, pour sa nounou. Il peut \u00eatre d\u00e9tourn\u00e9 de diff\u00e9rentes fa\u00e7on selon l&#8217;occasion pour lequel il sera offert. N&#8217;h\u00e9sitez pas \u00e0 m&#8217;en faire la demande . Celui qui vous est pr\u00e9sent\u00e9 est pour un d\u00e9part de chez la nounou. <\/p>\n","protected":false},"featured_media":7385,"comment_status":"open","ping_status":"closed","template":"","meta":[],"product_cat":[213,176,251,249,270,151,252,175],"product_tag":[],"class_list":{"0":"post-7384","1":"product","2":"type-product","3":"status-publish","4":"has-post-thumbnail","6":"product_cat-anniversaire","7":"product_cat-cadres-photos-2","8":"product_cat-cadres-photos","9":"product_cat-decorations","10":"product_cat-en-bois-idees-cadeaux","11":"product_cat-evenements","12":"product_cat-famille","13":"product_cat-idees-cadeaux","14":"notblog","16":"first","17":"instock","18":"shipping-taxable","19":"purchasable","20":"product-type-simple"},"aioseo_notices":[],"jetpack_sharing_enabled":true,"_links":{"self":[{"href":"https:\/\/mon-atelier-creatif.fr\/index.php\/wp-json\/wp\/v2\/product\/7384","targetHints":{"allow":["GET"]}}],"collection":[{"href":"https:\/\/mon-atelier-creatif.fr\/index.php\/wp-json\/wp\/v2\/product"}],"about":[{"href":"https:\/\/mon-atelier-creatif.fr\/index.php\/wp-json\/wp\/v2\/types\/product"}],"replies":[{"embeddable":true,"href":"https:\/\/mon-atelier-creatif.fr\/index.php\/wp-json\/wp\/v2\/comments?post=7384"}],"wp:featuredmedia":[{"embeddable":true,"href":"https:\/\/mon-atelier-creatif.fr\/index.php\/wp-json\/wp\/v2\/media\/7385"}],"wp:attachment":[{"href":"https:\/\/mon-atelier-creatif.fr\/index.php\/wp-json\/wp\/v2\/media?parent=7384"}],"wp:term":[{"taxonomy":"product_cat","embeddable":true,"href":"https:\/\/mon-atelier-creatif.fr\/index.php\/wp-json\/wp\/v2\/product_cat?post=7384"},{"taxonomy":"product_tag","embeddable":true,"href":"https:\/\/mon-atelier-creatif.fr\/index.php\/wp-json\/wp\/v2\/product_tag?post=7384"}],"curies":[{"name":"wp","href":"https:\/\/api.w.org\/{rel}","templated":true}]}}