{"id":7399,"date":"2025-01-18T18:26:52","date_gmt":"2025-01-18T17:26:52","guid":{"rendered":"https:\/\/mon-atelier-creatif.fr\/?post_type=product&#038;p=7399"},"modified":"2025-12-29T14:17:49","modified_gmt":"2025-12-29T13:17:49","slug":"boite-a-bouteille","status":"publish","type":"product","link":"https:\/\/mon-atelier-creatif.fr\/index.php\/product\/boite-a-bouteille\/","title":{"rendered":"Bo\u00eete \u00e0 bouteille"},"content":{"rendered":"","protected":false},"excerpt":{"rendered":"<p><strong>REF- 62<\/strong><\/p>\n<p>Une fa\u00e7on originale et humoristique d&#8217;offrir une bonne bouteille \u00e0 un ami. Il suffit d&#8217;enlever la partie haute, de glisser une bouteille dans la bo\u00eete et de refermer avec le couvercle.<br \/>\nCette bo\u00eete peu \u00eatre personnalis\u00e9e sur simple demande.<br \/>\n<strong>Contactez-moi par mail ou t\u00e9l\u00e9phone pour tous renseignements ou pour passer commande<\/strong><\/p>\n","protected":false},"featured_media":7400,"comment_status":"open","ping_status":"closed","template":"","meta":[],"product_cat":[213,151,175,157,166,237],"product_tag":[],"class_list":{"0":"post-7399","1":"product","2":"type-product","3":"status-publish","4":"has-post-thumbnail","6":"product_cat-anniversaire","7":"product_cat-evenements","8":"product_cat-idees-cadeaux","9":"product_cat-evenements-2","10":"product_cat-evenements-5","11":"product_cat-planches-apero","12":"notblog","14":"first","15":"instock","16":"shipping-taxable","17":"purchasable","18":"product-type-simple"},"aioseo_notices":[],"jetpack_sharing_enabled":true,"_links":{"self":[{"href":"https:\/\/mon-atelier-creatif.fr\/index.php\/wp-json\/wp\/v2\/product\/7399","targetHints":{"allow":["GET"]}}],"collection":[{"href":"https:\/\/mon-atelier-creatif.fr\/index.php\/wp-json\/wp\/v2\/product"}],"about":[{"href":"https:\/\/mon-atelier-creatif.fr\/index.php\/wp-json\/wp\/v2\/types\/product"}],"replies":[{"embeddable":true,"href":"https:\/\/mon-atelier-creatif.fr\/index.php\/wp-json\/wp\/v2\/comments?post=7399"}],"wp:featuredmedia":[{"embeddable":true,"href":"https:\/\/mon-atelier-creatif.fr\/index.php\/wp-json\/wp\/v2\/media\/7400"}],"wp:attachment":[{"href":"https:\/\/mon-atelier-creatif.fr\/index.php\/wp-json\/wp\/v2\/media?parent=7399"}],"wp:term":[{"taxonomy":"product_cat","embeddable":true,"href":"https:\/\/mon-atelier-creatif.fr\/index.php\/wp-json\/wp\/v2\/product_cat?post=7399"},{"taxonomy":"product_tag","embeddable":true,"href":"https:\/\/mon-atelier-creatif.fr\/index.php\/wp-json\/wp\/v2\/product_tag?post=7399"}],"curies":[{"name":"wp","href":"https:\/\/api.w.org\/{rel}","templated":true}]}}