{"id":7408,"date":"2025-02-14T13:20:10","date_gmt":"2025-02-14T12:20:10","guid":{"rendered":"https:\/\/mon-atelier-creatif.fr\/?post_type=product&#038;p=7408"},"modified":"2025-12-29T16:45:57","modified_gmt":"2025-12-29T15:45:57","slug":"cadre-anniversaires","status":"publish","type":"product","link":"https:\/\/mon-atelier-creatif.fr\/index.php\/product\/cadre-anniversaires\/","title":{"rendered":"Cadre Anniversaires"},"content":{"rendered":"","protected":false},"excerpt":{"rendered":"<p><strong>REF-306<\/strong><\/p>\n<p>Vous ne voulez plus oublier les anniversaires de vos proches? Alors ce joli cadre est fait pour vous.<br \/>\nGr\u00e2ce \u00e0 sa cha\u00eene en argent, vous pourrez l&#8217;accrocher facilement au mur. En plus d&#8217;\u00eatre utile, il est d\u00e9coratif.<br \/>\nIl est muni de 25 rondelles de bois ou vous pourrez y noter le pr\u00e9nom et date de naissance ou bien encore y coller la photo de la personne.<br \/>\nCe mod\u00e8le est propos\u00e9 d\u00e9j\u00e0 d\u00e9cor\u00e9. Il est aussi disponible pr\u00eat \u00e0 \u00eatre customis\u00e9 selon votre go\u00fbt.<br \/>\nLe lot de 25 rondelles suppl\u00e9mentaire est disponible au prix de 2\u20ac50.<br \/>\n<strong>Contactez-moi par mail ou t\u00e9l\u00e9phone pour tous renseignements ou pour passer commande<\/strong><\/p>\n","protected":false},"featured_media":7409,"comment_status":"open","ping_status":"closed","template":"","meta":[],"product_cat":[213,251,249,270,151,252,175],"product_tag":[],"class_list":{"0":"post-7408","1":"product","2":"type-product","3":"status-publish","4":"has-post-thumbnail","6":"product_cat-anniversaire","7":"product_cat-cadres-photos","8":"product_cat-decorations","9":"product_cat-en-bois-idees-cadeaux","10":"product_cat-evenements","11":"product_cat-famille","12":"product_cat-idees-cadeaux","13":"notblog","15":"first","16":"instock","17":"shipping-taxable","18":"purchasable","19":"product-type-simple"},"aioseo_notices":[],"jetpack_sharing_enabled":true,"_links":{"self":[{"href":"https:\/\/mon-atelier-creatif.fr\/index.php\/wp-json\/wp\/v2\/product\/7408","targetHints":{"allow":["GET"]}}],"collection":[{"href":"https:\/\/mon-atelier-creatif.fr\/index.php\/wp-json\/wp\/v2\/product"}],"about":[{"href":"https:\/\/mon-atelier-creatif.fr\/index.php\/wp-json\/wp\/v2\/types\/product"}],"replies":[{"embeddable":true,"href":"https:\/\/mon-atelier-creatif.fr\/index.php\/wp-json\/wp\/v2\/comments?post=7408"}],"wp:featuredmedia":[{"embeddable":true,"href":"https:\/\/mon-atelier-creatif.fr\/index.php\/wp-json\/wp\/v2\/media\/7409"}],"wp:attachment":[{"href":"https:\/\/mon-atelier-creatif.fr\/index.php\/wp-json\/wp\/v2\/media?parent=7408"}],"wp:term":[{"taxonomy":"product_cat","embeddable":true,"href":"https:\/\/mon-atelier-creatif.fr\/index.php\/wp-json\/wp\/v2\/product_cat?post=7408"},{"taxonomy":"product_tag","embeddable":true,"href":"https:\/\/mon-atelier-creatif.fr\/index.php\/wp-json\/wp\/v2\/product_tag?post=7408"}],"curies":[{"name":"wp","href":"https:\/\/api.w.org\/{rel}","templated":true}]}}