{"id":7416,"date":"2025-05-11T16:05:10","date_gmt":"2025-05-11T14:05:10","guid":{"rendered":"https:\/\/mon-atelier-creatif.fr\/?post_type=product&#038;p=7416"},"modified":"2025-05-11T16:05:11","modified_gmt":"2025-05-11T14:05:11","slug":"dessous-de-verre-en-bois-lot-de-6","status":"publish","type":"product","link":"https:\/\/mon-atelier-creatif.fr\/index.php\/product\/dessous-de-verre-en-bois-lot-de-6\/","title":{"rendered":"dessous de verre en bois &#8211;  Lot de 6"},"content":{"rendered":"<p><strong>REF-1483<\/strong><\/p>\n<p>D\u00e9corez votre table avec nos dessous de verre \u00e9l\u00e9gants, couleur rouille, en bois. Fabriqu\u00e9s avec soin et pr\u00e9cision, ces 6 dessous de verre allient fonctionnalit\u00e9 et esth\u00e9tique, prot\u00e9geant votre table tout en ajoutant une touche naturelle et chaleureuse \u00e0 votre d\u00e9cor.  <\/p>\n","protected":false},"excerpt":{"rendered":"<p>REF-1483 D\u00e9corez votre table avec nos dessous de verre \u00e9l\u00e9gants, couleur rouille, en bois. Fabriqu\u00e9s avec soin et pr\u00e9cision, ces 6 dessous de verre allient fonctionnalit\u00e9 et esth\u00e9tique, prot\u00e9geant votre table tout en ajoutant une touche naturelle et chaleureuse \u00e0 votre d\u00e9cor.<\/p>\n","protected":false},"featured_media":5860,"comment_status":"open","ping_status":"closed","template":"","meta":[],"product_cat":[249,253,175,237],"product_tag":[],"class_list":{"0":"post-7416","1":"product","2":"type-product","3":"status-publish","4":"has-post-thumbnail","6":"product_cat-decorations","7":"product_cat-decorations-de-tables","8":"product_cat-idees-cadeaux","9":"product_cat-planches-apero","10":"notblog","12":"first","13":"instock","14":"shipping-taxable","15":"purchasable","16":"product-type-simple"},"aioseo_notices":[],"jetpack_sharing_enabled":true,"_links":{"self":[{"href":"https:\/\/mon-atelier-creatif.fr\/index.php\/wp-json\/wp\/v2\/product\/7416","targetHints":{"allow":["GET"]}}],"collection":[{"href":"https:\/\/mon-atelier-creatif.fr\/index.php\/wp-json\/wp\/v2\/product"}],"about":[{"href":"https:\/\/mon-atelier-creatif.fr\/index.php\/wp-json\/wp\/v2\/types\/product"}],"replies":[{"embeddable":true,"href":"https:\/\/mon-atelier-creatif.fr\/index.php\/wp-json\/wp\/v2\/comments?post=7416"}],"wp:featuredmedia":[{"embeddable":true,"href":"https:\/\/mon-atelier-creatif.fr\/index.php\/wp-json\/wp\/v2\/media\/5860"}],"wp:attachment":[{"href":"https:\/\/mon-atelier-creatif.fr\/index.php\/wp-json\/wp\/v2\/media?parent=7416"}],"wp:term":[{"taxonomy":"product_cat","embeddable":true,"href":"https:\/\/mon-atelier-creatif.fr\/index.php\/wp-json\/wp\/v2\/product_cat?post=7416"},{"taxonomy":"product_tag","embeddable":true,"href":"https:\/\/mon-atelier-creatif.fr\/index.php\/wp-json\/wp\/v2\/product_tag?post=7416"}],"curies":[{"name":"wp","href":"https:\/\/api.w.org\/{rel}","templated":true}]}}