{"id":7419,"date":"2025-05-11T16:15:46","date_gmt":"2025-05-11T14:15:46","guid":{"rendered":"https:\/\/mon-atelier-creatif.fr\/?post_type=product&#038;p=7419"},"modified":"2025-05-11T16:15:46","modified_gmt":"2025-05-11T14:15:46","slug":"dessous-de-verre-lot-de-6","status":"publish","type":"product","link":"https:\/\/mon-atelier-creatif.fr\/index.php\/product\/dessous-de-verre-lot-de-6\/","title":{"rendered":"Dessous de verre &#8211; lot de 6"},"content":{"rendered":"","protected":false},"excerpt":{"rendered":"<p><strong>REF- 1484<\/strong><br \/>\nD\u00e9corez votre table avec nos dessous de verre \u00e9l\u00e9gants, couleur rouille, en bois. Fabriqu\u00e9s avec soin et pr\u00e9cision, ces 6 dessous de verre allient fonctionnalit\u00e9 et esth\u00e9tique, prot\u00e9geant votre table tout en ajoutant une touche naturelle et chaleureuse \u00e0 votre d\u00e9cor.<\/p>\n","protected":false},"featured_media":5862,"comment_status":"open","ping_status":"closed","template":"","meta":[],"product_cat":[249,253,270,237],"product_tag":[],"class_list":{"0":"post-7419","1":"product","2":"type-product","3":"status-publish","4":"has-post-thumbnail","6":"product_cat-decorations","7":"product_cat-decorations-de-tables","8":"product_cat-en-bois-idees-cadeaux","9":"product_cat-planches-apero","10":"notblog","12":"first","13":"instock","14":"shipping-taxable","15":"purchasable","16":"product-type-simple"},"aioseo_notices":[],"jetpack_sharing_enabled":true,"_links":{"self":[{"href":"https:\/\/mon-atelier-creatif.fr\/index.php\/wp-json\/wp\/v2\/product\/7419","targetHints":{"allow":["GET"]}}],"collection":[{"href":"https:\/\/mon-atelier-creatif.fr\/index.php\/wp-json\/wp\/v2\/product"}],"about":[{"href":"https:\/\/mon-atelier-creatif.fr\/index.php\/wp-json\/wp\/v2\/types\/product"}],"replies":[{"embeddable":true,"href":"https:\/\/mon-atelier-creatif.fr\/index.php\/wp-json\/wp\/v2\/comments?post=7419"}],"wp:featuredmedia":[{"embeddable":true,"href":"https:\/\/mon-atelier-creatif.fr\/index.php\/wp-json\/wp\/v2\/media\/5862"}],"wp:attachment":[{"href":"https:\/\/mon-atelier-creatif.fr\/index.php\/wp-json\/wp\/v2\/media?parent=7419"}],"wp:term":[{"taxonomy":"product_cat","embeddable":true,"href":"https:\/\/mon-atelier-creatif.fr\/index.php\/wp-json\/wp\/v2\/product_cat?post=7419"},{"taxonomy":"product_tag","embeddable":true,"href":"https:\/\/mon-atelier-creatif.fr\/index.php\/wp-json\/wp\/v2\/product_tag?post=7419"}],"curies":[{"name":"wp","href":"https:\/\/api.w.org\/{rel}","templated":true}]}}