{"id":7420,"date":"2025-05-11T17:12:03","date_gmt":"2025-05-11T15:12:03","guid":{"rendered":"https:\/\/mon-atelier-creatif.fr\/?post_type=product&#038;p=7420"},"modified":"2025-12-29T13:24:43","modified_gmt":"2025-12-29T12:24:43","slug":"puzzle-filles","status":"publish","type":"product","link":"https:\/\/mon-atelier-creatif.fr\/index.php\/product\/puzzle-filles\/","title":{"rendered":"Puzzle filles"},"content":{"rendered":"","protected":false},"excerpt":{"rendered":"<p><strong>REF-59<\/strong><br \/>\nPuzzle avec des v\u00eatements divers \u00e0 positionner sur le mod\u00e8le de la fillette.<br \/>\nParticipe \u00e0 la motricit\u00e9 fine chez l&#8217;enfant et \u00e0 sa logique. <\/p>\n","protected":false},"featured_media":7421,"comment_status":"open","ping_status":"closed","template":"","meta":[],"product_cat":[270,175,240,239,241],"product_tag":[],"class_list":{"0":"post-7420","1":"product","2":"type-product","3":"status-publish","4":"has-post-thumbnail","6":"product_cat-en-bois-idees-cadeaux","7":"product_cat-idees-cadeaux","8":"product_cat-jeux-en-bois","9":"product_cat-jeux-enfants","10":"product_cat-puzzles-en-bois","11":"notblog","13":"first","14":"instock","15":"shipping-taxable","16":"purchasable","17":"product-type-simple"},"aioseo_notices":[],"jetpack_sharing_enabled":true,"_links":{"self":[{"href":"https:\/\/mon-atelier-creatif.fr\/index.php\/wp-json\/wp\/v2\/product\/7420","targetHints":{"allow":["GET"]}}],"collection":[{"href":"https:\/\/mon-atelier-creatif.fr\/index.php\/wp-json\/wp\/v2\/product"}],"about":[{"href":"https:\/\/mon-atelier-creatif.fr\/index.php\/wp-json\/wp\/v2\/types\/product"}],"replies":[{"embeddable":true,"href":"https:\/\/mon-atelier-creatif.fr\/index.php\/wp-json\/wp\/v2\/comments?post=7420"}],"wp:featuredmedia":[{"embeddable":true,"href":"https:\/\/mon-atelier-creatif.fr\/index.php\/wp-json\/wp\/v2\/media\/7421"}],"wp:attachment":[{"href":"https:\/\/mon-atelier-creatif.fr\/index.php\/wp-json\/wp\/v2\/media?parent=7420"}],"wp:term":[{"taxonomy":"product_cat","embeddable":true,"href":"https:\/\/mon-atelier-creatif.fr\/index.php\/wp-json\/wp\/v2\/product_cat?post=7420"},{"taxonomy":"product_tag","embeddable":true,"href":"https:\/\/mon-atelier-creatif.fr\/index.php\/wp-json\/wp\/v2\/product_tag?post=7420"}],"curies":[{"name":"wp","href":"https:\/\/api.w.org\/{rel}","templated":true}]}}