{"id":7426,"date":"2025-05-11T17:40:43","date_gmt":"2025-05-11T15:40:43","guid":{"rendered":"https:\/\/mon-atelier-creatif.fr\/?post_type=product&#038;p=7426"},"modified":"2025-05-11T17:40:44","modified_gmt":"2025-05-11T15:40:44","slug":"calendrier-de-lavent-en-forme-de-livre","status":"publish","type":"product","link":"https:\/\/mon-atelier-creatif.fr\/index.php\/product\/calendrier-de-lavent-en-forme-de-livre\/","title":{"rendered":"Calendrier de l&#8217;avent en forme de livre"},"content":{"rendered":"<p><strong>REF-1294<\/strong><br \/>\nCe calendrier de l\u2019avent en forme de livre est une mani\u00e8re captivante de c\u00e9l\u00e9brer les jours pr\u00e9c\u00e9dant No\u00ebl. Ce calendrier unique s\u2019ouvre comme un livre pour r\u00e9v\u00e9ler de petites surprises quotidiennes, ajoutant une touche de magie \u00e0 la p\u00e9riode des f\u00eates.<\/p>\n","protected":false},"excerpt":{"rendered":"<p>REF-1294 Ce calendrier de l\u2019avent en forme de livre est une mani\u00e8re captivante de c\u00e9l\u00e9brer les jours pr\u00e9c\u00e9dant No\u00ebl. Ce calendrier unique s\u2019ouvre comme un livre pour r\u00e9v\u00e9ler de petites surprises quotidiennes, ajoutant une touche de magie \u00e0 la p\u00e9riode des f\u00eates.<\/p>\n","protected":false},"featured_media":4373,"comment_status":"open","ping_status":"closed","template":"","meta":[],"product_cat":[249,270,151,252,175,166],"product_tag":[],"class_list":{"0":"post-7426","1":"product","2":"type-product","3":"status-publish","4":"has-post-thumbnail","6":"product_cat-decorations","7":"product_cat-en-bois-idees-cadeaux","8":"product_cat-evenements","9":"product_cat-famille","10":"product_cat-idees-cadeaux","11":"product_cat-evenements-5","12":"notblog","14":"first","15":"instock","16":"shipping-taxable","17":"purchasable","18":"product-type-simple"},"aioseo_notices":[],"jetpack_sharing_enabled":true,"_links":{"self":[{"href":"https:\/\/mon-atelier-creatif.fr\/index.php\/wp-json\/wp\/v2\/product\/7426","targetHints":{"allow":["GET"]}}],"collection":[{"href":"https:\/\/mon-atelier-creatif.fr\/index.php\/wp-json\/wp\/v2\/product"}],"about":[{"href":"https:\/\/mon-atelier-creatif.fr\/index.php\/wp-json\/wp\/v2\/types\/product"}],"replies":[{"embeddable":true,"href":"https:\/\/mon-atelier-creatif.fr\/index.php\/wp-json\/wp\/v2\/comments?post=7426"}],"wp:featuredmedia":[{"embeddable":true,"href":"https:\/\/mon-atelier-creatif.fr\/index.php\/wp-json\/wp\/v2\/media\/4373"}],"wp:attachment":[{"href":"https:\/\/mon-atelier-creatif.fr\/index.php\/wp-json\/wp\/v2\/media?parent=7426"}],"wp:term":[{"taxonomy":"product_cat","embeddable":true,"href":"https:\/\/mon-atelier-creatif.fr\/index.php\/wp-json\/wp\/v2\/product_cat?post=7426"},{"taxonomy":"product_tag","embeddable":true,"href":"https:\/\/mon-atelier-creatif.fr\/index.php\/wp-json\/wp\/v2\/product_tag?post=7426"}],"curies":[{"name":"wp","href":"https:\/\/api.w.org\/{rel}","templated":true}]}}