{"id":7428,"date":"2025-05-11T18:20:29","date_gmt":"2025-05-11T16:20:29","guid":{"rendered":"https:\/\/mon-atelier-creatif.fr\/?post_type=product&#038;p=7428"},"modified":"2025-05-11T18:20:29","modified_gmt":"2025-05-11T16:20:29","slug":"boite-a-thes","status":"publish","type":"product","link":"https:\/\/mon-atelier-creatif.fr\/index.php\/product\/boite-a-thes\/","title":{"rendered":"Bo\u00eete \u00e0 th\u00e9s"},"content":{"rendered":"<p><strong>REF-1300<\/strong><br \/>\nUne jolie bo\u00eete \u00e0 th\u00e9 qui vous permettra d&#8217;y ranger tous vos sachets aux parfums de votre choix.<br \/>\nFera du plus belle effet sur votre table.<\/p>\n","protected":false},"excerpt":{"rendered":"<p>REF-1300 Une jolie bo\u00eete \u00e0 th\u00e9 qui vous permettra d&#8217;y ranger tous vos sachets aux parfums de votre choix. Fera du plus belle effet sur votre table.<\/p>\n","protected":false},"featured_media":7429,"comment_status":"open","ping_status":"closed","template":"","meta":[],"product_cat":[270,175],"product_tag":[],"class_list":{"0":"post-7428","1":"product","2":"type-product","3":"status-publish","4":"has-post-thumbnail","6":"product_cat-en-bois-idees-cadeaux","7":"product_cat-idees-cadeaux","8":"notblog","10":"first","11":"instock","12":"shipping-taxable","13":"purchasable","14":"product-type-simple"},"aioseo_notices":[],"jetpack_sharing_enabled":true,"_links":{"self":[{"href":"https:\/\/mon-atelier-creatif.fr\/index.php\/wp-json\/wp\/v2\/product\/7428","targetHints":{"allow":["GET"]}}],"collection":[{"href":"https:\/\/mon-atelier-creatif.fr\/index.php\/wp-json\/wp\/v2\/product"}],"about":[{"href":"https:\/\/mon-atelier-creatif.fr\/index.php\/wp-json\/wp\/v2\/types\/product"}],"replies":[{"embeddable":true,"href":"https:\/\/mon-atelier-creatif.fr\/index.php\/wp-json\/wp\/v2\/comments?post=7428"}],"wp:featuredmedia":[{"embeddable":true,"href":"https:\/\/mon-atelier-creatif.fr\/index.php\/wp-json\/wp\/v2\/media\/7429"}],"wp:attachment":[{"href":"https:\/\/mon-atelier-creatif.fr\/index.php\/wp-json\/wp\/v2\/media?parent=7428"}],"wp:term":[{"taxonomy":"product_cat","embeddable":true,"href":"https:\/\/mon-atelier-creatif.fr\/index.php\/wp-json\/wp\/v2\/product_cat?post=7428"},{"taxonomy":"product_tag","embeddable":true,"href":"https:\/\/mon-atelier-creatif.fr\/index.php\/wp-json\/wp\/v2\/product_tag?post=7428"}],"curies":[{"name":"wp","href":"https:\/\/api.w.org\/{rel}","templated":true}]}}