{"id":7432,"date":"2025-05-11T18:28:10","date_gmt":"2025-05-11T16:28:10","guid":{"rendered":"https:\/\/mon-atelier-creatif.fr\/?post_type=product&#038;p=7432"},"modified":"2025-05-11T18:28:10","modified_gmt":"2025-05-11T16:28:10","slug":"pot-a-crayons-personnalise","status":"publish","type":"product","link":"https:\/\/mon-atelier-creatif.fr\/index.php\/product\/pot-a-crayons-personnalise\/","title":{"rendered":"Pot \u00e0 crayons personnalis\u00e9"},"content":{"rendered":"<p><strong>REF-1299<\/strong><\/p>\n<p>Une bonne id\u00e9e de cadeau \u00e0 faire \u00e0 sa maitresse ou \u00e0 un ami. Ce pot \u00e0 crayons comporte 7 petites plaques sur lesquelles je grave les mots, dessins ou phrases que vous souhaitez mettre.<br \/>\nR\u00e9alis\u00e9 tout en bois, il fera sans nul doute plaisir \u00e0 la personne \u00e0 qui vous l&#8217;offrirez gr\u00e2ce \u00e0 son originalit\u00e9. <\/p>\n","protected":false},"excerpt":{"rendered":"<p>REF-1299 Une bonne id\u00e9e de cadeau \u00e0 faire \u00e0 sa maitresse ou \u00e0 un ami. Ce pot \u00e0 crayons comporte 7 petites plaques sur lesquelles je grave les mots, dessins ou phrases que vous souhaitez mettre. R\u00e9alis\u00e9 tout en bois, il fera sans nul doute plaisir \u00e0 la personne \u00e0 qui vous l&#8217;offrirez gr\u00e2ce \u00e0 [&hellip;]<\/p>\n","protected":false},"featured_media":7433,"comment_status":"open","ping_status":"closed","template":"","meta":[],"product_cat":[213,249,270,151,252,175],"product_tag":[],"class_list":{"0":"post-7432","1":"product","2":"type-product","3":"status-publish","4":"has-post-thumbnail","6":"product_cat-anniversaire","7":"product_cat-decorations","8":"product_cat-en-bois-idees-cadeaux","9":"product_cat-evenements","10":"product_cat-famille","11":"product_cat-idees-cadeaux","12":"notblog","14":"first","15":"instock","16":"shipping-taxable","17":"purchasable","18":"product-type-simple"},"aioseo_notices":[],"jetpack_sharing_enabled":true,"_links":{"self":[{"href":"https:\/\/mon-atelier-creatif.fr\/index.php\/wp-json\/wp\/v2\/product\/7432","targetHints":{"allow":["GET"]}}],"collection":[{"href":"https:\/\/mon-atelier-creatif.fr\/index.php\/wp-json\/wp\/v2\/product"}],"about":[{"href":"https:\/\/mon-atelier-creatif.fr\/index.php\/wp-json\/wp\/v2\/types\/product"}],"replies":[{"embeddable":true,"href":"https:\/\/mon-atelier-creatif.fr\/index.php\/wp-json\/wp\/v2\/comments?post=7432"}],"wp:featuredmedia":[{"embeddable":true,"href":"https:\/\/mon-atelier-creatif.fr\/index.php\/wp-json\/wp\/v2\/media\/7433"}],"wp:attachment":[{"href":"https:\/\/mon-atelier-creatif.fr\/index.php\/wp-json\/wp\/v2\/media?parent=7432"}],"wp:term":[{"taxonomy":"product_cat","embeddable":true,"href":"https:\/\/mon-atelier-creatif.fr\/index.php\/wp-json\/wp\/v2\/product_cat?post=7432"},{"taxonomy":"product_tag","embeddable":true,"href":"https:\/\/mon-atelier-creatif.fr\/index.php\/wp-json\/wp\/v2\/product_tag?post=7432"}],"curies":[{"name":"wp","href":"https:\/\/api.w.org\/{rel}","templated":true}]}}