{"id":7436,"date":"2025-05-11T18:43:03","date_gmt":"2025-05-11T16:43:03","guid":{"rendered":"https:\/\/mon-atelier-creatif.fr\/?post_type=product&#038;p=7436"},"modified":"2025-05-11T18:43:03","modified_gmt":"2025-05-11T16:43:03","slug":"pot-a-plantation-personnalise","status":"publish","type":"product","link":"https:\/\/mon-atelier-creatif.fr\/index.php\/product\/pot-a-plantation-personnalise\/","title":{"rendered":"Pot \u00e0 plantation personnalis\u00e9"},"content":{"rendered":"<p><strong>REF-1298<\/strong><\/p>\n<p>Ce pot r\u00e9alis\u00e9 tout en bois poss\u00e8de 7 petites plaques tout autour ou vous pouvez demander la gravure de votre choix. dessins, phrases,pr\u00e9noms&#8230;<br \/>\nUn cadeau personnalis\u00e9 qui fera plaisir par son originalit\u00e9.<br \/>\nIl y a \u00e0 l&#8217;int\u00e9rieur un pot en pastique pour vous permettre d&#8217;y faire une petite plantation.<br \/>\nId\u00e9al pour les cadeaux de fin d&#8217;ann\u00e9e scolaire par exemple.  <\/p>\n","protected":false},"excerpt":{"rendered":"<p>REF-1298 Ce pot r\u00e9alis\u00e9 tout en bois poss\u00e8de 7 petites plaques tout autour ou vous pouvez demander la gravure de votre choix. dessins, phrases,pr\u00e9noms&#8230; Un cadeau personnalis\u00e9 qui fera plaisir par son originalit\u00e9. Il y a \u00e0 l&#8217;int\u00e9rieur un pot en pastique pour vous permettre d&#8217;y faire une petite plantation. Id\u00e9al pour les cadeaux de [&hellip;]<\/p>\n","protected":false},"featured_media":7440,"comment_status":"open","ping_status":"closed","template":"","meta":[],"product_cat":[213,270,151,175],"product_tag":[],"class_list":{"0":"post-7436","1":"product","2":"type-product","3":"status-publish","4":"has-post-thumbnail","6":"product_cat-anniversaire","7":"product_cat-en-bois-idees-cadeaux","8":"product_cat-evenements","9":"product_cat-idees-cadeaux","10":"notblog","12":"first","13":"instock","14":"shipping-taxable","15":"purchasable","16":"product-type-simple"},"aioseo_notices":[],"jetpack_sharing_enabled":true,"_links":{"self":[{"href":"https:\/\/mon-atelier-creatif.fr\/index.php\/wp-json\/wp\/v2\/product\/7436","targetHints":{"allow":["GET"]}}],"collection":[{"href":"https:\/\/mon-atelier-creatif.fr\/index.php\/wp-json\/wp\/v2\/product"}],"about":[{"href":"https:\/\/mon-atelier-creatif.fr\/index.php\/wp-json\/wp\/v2\/types\/product"}],"replies":[{"embeddable":true,"href":"https:\/\/mon-atelier-creatif.fr\/index.php\/wp-json\/wp\/v2\/comments?post=7436"}],"wp:featuredmedia":[{"embeddable":true,"href":"https:\/\/mon-atelier-creatif.fr\/index.php\/wp-json\/wp\/v2\/media\/7440"}],"wp:attachment":[{"href":"https:\/\/mon-atelier-creatif.fr\/index.php\/wp-json\/wp\/v2\/media?parent=7436"}],"wp:term":[{"taxonomy":"product_cat","embeddable":true,"href":"https:\/\/mon-atelier-creatif.fr\/index.php\/wp-json\/wp\/v2\/product_cat?post=7436"},{"taxonomy":"product_tag","embeddable":true,"href":"https:\/\/mon-atelier-creatif.fr\/index.php\/wp-json\/wp\/v2\/product_tag?post=7436"}],"curies":[{"name":"wp","href":"https:\/\/api.w.org\/{rel}","templated":true}]}}