{"id":7442,"date":"2025-07-22T18:31:31","date_gmt":"2025-07-22T16:31:31","guid":{"rendered":"https:\/\/mon-atelier-creatif.fr\/?post_type=product&#038;p=7442"},"modified":"2025-12-28T11:47:33","modified_gmt":"2025-12-28T10:47:33","slug":"calendrier-de-lavent","status":"publish","type":"product","link":"https:\/\/mon-atelier-creatif.fr\/index.php\/product\/calendrier-de-lavent\/","title":{"rendered":"Calendrier de l&#8217;avent"},"content":{"rendered":"","protected":false},"excerpt":{"rendered":"<p><strong>REF-600<\/strong><\/p>\n<p>Un calendrier de l&#8217;avent original qui servira \u00e9galement de d\u00e9coration pendant les f\u00eates de no\u00ebl. R\u00e9alis\u00e9 tout en bois de peuplier, ce calendrier comprends 24 petites boites en forme de maison. La taille de la boite int\u00e9rieur est de 4,5 cm x 5 cm et la hauteur est de 4 cm. Ce qui vous permet d&#8217;y loger facilement un chocolat ou bonbon.<br \/>\nIl est mont\u00e9 sur 5 niveaux.<br \/>\n<strong>Contactez-moi par mail ou t\u00e9l\u00e9phone pour tous renseignements ou pour passer commande<\/strong><\/p>\n","protected":false},"featured_media":7443,"comment_status":"open","ping_status":"closed","template":"","meta":[],"product_cat":[249,270,151,175,166],"product_tag":[],"class_list":{"0":"post-7442","1":"product","2":"type-product","3":"status-publish","4":"has-post-thumbnail","6":"product_cat-decorations","7":"product_cat-en-bois-idees-cadeaux","8":"product_cat-evenements","9":"product_cat-idees-cadeaux","10":"product_cat-evenements-5","11":"notblog","13":"first","14":"instock","15":"shipping-taxable","16":"purchasable","17":"product-type-simple"},"aioseo_notices":[],"jetpack_sharing_enabled":true,"_links":{"self":[{"href":"https:\/\/mon-atelier-creatif.fr\/index.php\/wp-json\/wp\/v2\/product\/7442","targetHints":{"allow":["GET"]}}],"collection":[{"href":"https:\/\/mon-atelier-creatif.fr\/index.php\/wp-json\/wp\/v2\/product"}],"about":[{"href":"https:\/\/mon-atelier-creatif.fr\/index.php\/wp-json\/wp\/v2\/types\/product"}],"replies":[{"embeddable":true,"href":"https:\/\/mon-atelier-creatif.fr\/index.php\/wp-json\/wp\/v2\/comments?post=7442"}],"wp:featuredmedia":[{"embeddable":true,"href":"https:\/\/mon-atelier-creatif.fr\/index.php\/wp-json\/wp\/v2\/media\/7443"}],"wp:attachment":[{"href":"https:\/\/mon-atelier-creatif.fr\/index.php\/wp-json\/wp\/v2\/media?parent=7442"}],"wp:term":[{"taxonomy":"product_cat","embeddable":true,"href":"https:\/\/mon-atelier-creatif.fr\/index.php\/wp-json\/wp\/v2\/product_cat?post=7442"},{"taxonomy":"product_tag","embeddable":true,"href":"https:\/\/mon-atelier-creatif.fr\/index.php\/wp-json\/wp\/v2\/product_tag?post=7442"}],"curies":[{"name":"wp","href":"https:\/\/api.w.org\/{rel}","templated":true}]}}