{"id":7447,"date":"2025-10-10T19:09:11","date_gmt":"2025-10-10T17:09:11","guid":{"rendered":"https:\/\/mon-atelier-creatif.fr\/?post_type=product&#038;p=7447"},"modified":"2025-12-28T12:24:03","modified_gmt":"2025-12-28T11:24:03","slug":"rond-naissance-bienvenue","status":"publish","type":"product","link":"https:\/\/mon-atelier-creatif.fr\/index.php\/product\/rond-naissance-bienvenue\/","title":{"rendered":"Rond naissance bienvenue"},"content":{"rendered":"","protected":false},"excerpt":{"rendered":"<p><strong>REF-302<\/strong><\/p>\n<p>Ce merveilleux rond de naissance pour annoncer d&#8217;une fa\u00e7on original la naissance de b\u00e9b\u00e9.<br \/>\nVous pourrez le remplir au stylo en mettant son pr\u00e9nom, la date , la taille et le poids de b\u00e9b\u00e9.<br \/>\nA vous de jouer, il n&#8217;y a plus qu&#8217;a prendre la photo.<br \/>\n<strong>Contactez-moi par mail ou t\u00e9l\u00e9phone pour tous renseignements ou pour passer commande<\/strong><\/p>\n","protected":false},"featured_media":7448,"comment_status":"open","ping_status":"closed","template":"","meta":[],"product_cat":[270,151,175,168,248,254,239],"product_tag":[],"class_list":{"0":"post-7447","1":"product","2":"type-product","3":"status-publish","4":"has-post-thumbnail","6":"product_cat-en-bois-idees-cadeaux","7":"product_cat-evenements","8":"product_cat-idees-cadeaux","9":"product_cat-evenements-7","10":"product_cat-naissance","11":"product_cat-personnalisation","12":"product_cat-jeux-enfants","13":"notblog","15":"first","16":"instock","17":"shipping-taxable","18":"purchasable","19":"product-type-simple"},"aioseo_notices":[],"jetpack_sharing_enabled":true,"_links":{"self":[{"href":"https:\/\/mon-atelier-creatif.fr\/index.php\/wp-json\/wp\/v2\/product\/7447","targetHints":{"allow":["GET"]}}],"collection":[{"href":"https:\/\/mon-atelier-creatif.fr\/index.php\/wp-json\/wp\/v2\/product"}],"about":[{"href":"https:\/\/mon-atelier-creatif.fr\/index.php\/wp-json\/wp\/v2\/types\/product"}],"replies":[{"embeddable":true,"href":"https:\/\/mon-atelier-creatif.fr\/index.php\/wp-json\/wp\/v2\/comments?post=7447"}],"wp:featuredmedia":[{"embeddable":true,"href":"https:\/\/mon-atelier-creatif.fr\/index.php\/wp-json\/wp\/v2\/media\/7448"}],"wp:attachment":[{"href":"https:\/\/mon-atelier-creatif.fr\/index.php\/wp-json\/wp\/v2\/media?parent=7447"}],"wp:term":[{"taxonomy":"product_cat","embeddable":true,"href":"https:\/\/mon-atelier-creatif.fr\/index.php\/wp-json\/wp\/v2\/product_cat?post=7447"},{"taxonomy":"product_tag","embeddable":true,"href":"https:\/\/mon-atelier-creatif.fr\/index.php\/wp-json\/wp\/v2\/product_tag?post=7447"}],"curies":[{"name":"wp","href":"https:\/\/api.w.org\/{rel}","templated":true}]}}