{"id":7450,"date":"2025-10-10T19:16:13","date_gmt":"2025-10-10T17:16:13","guid":{"rendered":"https:\/\/mon-atelier-creatif.fr\/?post_type=product&#038;p=7450"},"modified":"2025-10-10T21:11:38","modified_gmt":"2025-10-10T19:11:38","slug":"cartes-etapes-bebe","status":"publish","type":"product","link":"https:\/\/mon-atelier-creatif.fr\/index.php\/product\/cartes-etapes-bebe\/","title":{"rendered":"Cartes \u00e9tapes b\u00e9b\u00e9"},"content":{"rendered":"","protected":false},"excerpt":{"rendered":"<p><strong>REF-303<\/strong><\/p>\n<p>12 ronds \u00e9tapes de b\u00e9b\u00e9 num\u00e9rot\u00e9s de 1 \u00e0 12 mois.<br \/>\nVous pourrez prendre des photos de votre enfant avec le mois correspondant \u00e0 cot\u00e9 pour voir son \u00e9volution.<br \/>\nPlus tard, vous pourrez \u00e0 nouveau utiliser ces ronds pour vendre les v\u00eatements devenus trop petits .<\/p>\n","protected":false},"featured_media":7451,"comment_status":"open","ping_status":"closed","template":"","meta":[],"product_cat":[215,270,151,175,168,248,177],"product_tag":[],"class_list":{"0":"post-7450","1":"product","2":"type-product","3":"status-publish","4":"has-post-thumbnail","6":"product_cat-en-bois","7":"product_cat-en-bois-idees-cadeaux","8":"product_cat-evenements","9":"product_cat-idees-cadeaux","10":"product_cat-evenements-7","11":"product_cat-naissance","12":"product_cat-produits","13":"notblog","15":"first","16":"instock","17":"shipping-taxable","18":"purchasable","19":"product-type-simple"},"aioseo_notices":[],"jetpack_sharing_enabled":true,"_links":{"self":[{"href":"https:\/\/mon-atelier-creatif.fr\/index.php\/wp-json\/wp\/v2\/product\/7450","targetHints":{"allow":["GET"]}}],"collection":[{"href":"https:\/\/mon-atelier-creatif.fr\/index.php\/wp-json\/wp\/v2\/product"}],"about":[{"href":"https:\/\/mon-atelier-creatif.fr\/index.php\/wp-json\/wp\/v2\/types\/product"}],"replies":[{"embeddable":true,"href":"https:\/\/mon-atelier-creatif.fr\/index.php\/wp-json\/wp\/v2\/comments?post=7450"}],"wp:featuredmedia":[{"embeddable":true,"href":"https:\/\/mon-atelier-creatif.fr\/index.php\/wp-json\/wp\/v2\/media\/7451"}],"wp:attachment":[{"href":"https:\/\/mon-atelier-creatif.fr\/index.php\/wp-json\/wp\/v2\/media?parent=7450"}],"wp:term":[{"taxonomy":"product_cat","embeddable":true,"href":"https:\/\/mon-atelier-creatif.fr\/index.php\/wp-json\/wp\/v2\/product_cat?post=7450"},{"taxonomy":"product_tag","embeddable":true,"href":"https:\/\/mon-atelier-creatif.fr\/index.php\/wp-json\/wp\/v2\/product_tag?post=7450"}],"curies":[{"name":"wp","href":"https:\/\/api.w.org\/{rel}","templated":true}]}}