{"id":7452,"date":"2025-10-10T21:19:19","date_gmt":"2025-10-10T19:19:19","guid":{"rendered":"https:\/\/mon-atelier-creatif.fr\/?post_type=product&#038;p=7452"},"modified":"2025-12-28T12:11:20","modified_gmt":"2025-12-28T11:11:20","slug":"porte-cartes-a-jouer","status":"publish","type":"product","link":"https:\/\/mon-atelier-creatif.fr\/index.php\/product\/porte-cartes-a-jouer\/","title":{"rendered":"Porte cartes \u00e0 jouer"},"content":{"rendered":"","protected":false},"excerpt":{"rendered":"<p><strong>REF-603<\/strong><\/p>\n<p>Porte cartes \u00e0 jouer, id\u00e9al pour les plus jeunes ou les personnes \u00e2g\u00e9es qui ne peuvent pas tenir leurs cartes \u00e0 la main.<br \/>\nR\u00e9alis\u00e9 tout en bois, i sera parfait pour de belles parties endiabl\u00e9es<br \/>\n<strong> Contactez-moi par mail ou t\u00e9l\u00e9phone pour tous renseignements ou pour passer commande<\/strong><\/p>\n","protected":false},"featured_media":7455,"comment_status":"open","ping_status":"closed","template":"","meta":[],"product_cat":[215,270,252,175,240,239,177],"product_tag":[],"class_list":{"0":"post-7452","1":"product","2":"type-product","3":"status-publish","4":"has-post-thumbnail","6":"product_cat-en-bois","7":"product_cat-en-bois-idees-cadeaux","8":"product_cat-famille","9":"product_cat-idees-cadeaux","10":"product_cat-jeux-en-bois","11":"product_cat-jeux-enfants","12":"product_cat-produits","13":"notblog","15":"first","16":"instock","17":"shipping-taxable","18":"purchasable","19":"product-type-simple"},"aioseo_notices":[],"jetpack_sharing_enabled":true,"_links":{"self":[{"href":"https:\/\/mon-atelier-creatif.fr\/index.php\/wp-json\/wp\/v2\/product\/7452","targetHints":{"allow":["GET"]}}],"collection":[{"href":"https:\/\/mon-atelier-creatif.fr\/index.php\/wp-json\/wp\/v2\/product"}],"about":[{"href":"https:\/\/mon-atelier-creatif.fr\/index.php\/wp-json\/wp\/v2\/types\/product"}],"replies":[{"embeddable":true,"href":"https:\/\/mon-atelier-creatif.fr\/index.php\/wp-json\/wp\/v2\/comments?post=7452"}],"wp:featuredmedia":[{"embeddable":true,"href":"https:\/\/mon-atelier-creatif.fr\/index.php\/wp-json\/wp\/v2\/media\/7455"}],"wp:attachment":[{"href":"https:\/\/mon-atelier-creatif.fr\/index.php\/wp-json\/wp\/v2\/media?parent=7452"}],"wp:term":[{"taxonomy":"product_cat","embeddable":true,"href":"https:\/\/mon-atelier-creatif.fr\/index.php\/wp-json\/wp\/v2\/product_cat?post=7452"},{"taxonomy":"product_tag","embeddable":true,"href":"https:\/\/mon-atelier-creatif.fr\/index.php\/wp-json\/wp\/v2\/product_tag?post=7452"}],"curies":[{"name":"wp","href":"https:\/\/api.w.org\/{rel}","templated":true}]}}