{"id":7456,"date":"2025-10-10T21:26:54","date_gmt":"2025-10-10T19:26:54","guid":{"rendered":"https:\/\/mon-atelier-creatif.fr\/?post_type=product&#038;p=7456"},"modified":"2025-12-28T12:10:32","modified_gmt":"2025-12-28T11:10:32","slug":"boite-a-cartes-a-jouer","status":"publish","type":"product","link":"https:\/\/mon-atelier-creatif.fr\/index.php\/product\/boite-a-cartes-a-jouer\/","title":{"rendered":"Bo\u00eete \u00e0 cartes \u00e0 jouer"},"content":{"rendered":"","protected":false},"excerpt":{"rendered":"<p><strong>REF-604<\/strong><\/p>\n<p>Cette belle bo\u00eete \u00e0 cartes \u00e0 jouer sera parfaite pour garder \u00e0 l&#8217;abris votre jeu de cartes et toujours \u00e0 porter de main. Un pr\u00e9nom peu \u00eatre grav\u00e9 sur le dessus sur simple demande afin de personnaliser encore davantage cette \u00e9tui.<br \/>\n<strong>Contactez-moi par mail ou t\u00e9l\u00e9phone pour tous renseignements ou pour passer commande<\/strong><\/p>\n","protected":false},"featured_media":7457,"comment_status":"open","ping_status":"closed","template":"","meta":[],"product_cat":[215,270,252,175,240,239,177],"product_tag":[],"class_list":{"0":"post-7456","1":"product","2":"type-product","3":"status-publish","4":"has-post-thumbnail","6":"product_cat-en-bois","7":"product_cat-en-bois-idees-cadeaux","8":"product_cat-famille","9":"product_cat-idees-cadeaux","10":"product_cat-jeux-en-bois","11":"product_cat-jeux-enfants","12":"product_cat-produits","13":"notblog","15":"first","16":"instock","17":"shipping-taxable","18":"purchasable","19":"product-type-simple"},"aioseo_notices":[],"jetpack_sharing_enabled":true,"_links":{"self":[{"href":"https:\/\/mon-atelier-creatif.fr\/index.php\/wp-json\/wp\/v2\/product\/7456","targetHints":{"allow":["GET"]}}],"collection":[{"href":"https:\/\/mon-atelier-creatif.fr\/index.php\/wp-json\/wp\/v2\/product"}],"about":[{"href":"https:\/\/mon-atelier-creatif.fr\/index.php\/wp-json\/wp\/v2\/types\/product"}],"replies":[{"embeddable":true,"href":"https:\/\/mon-atelier-creatif.fr\/index.php\/wp-json\/wp\/v2\/comments?post=7456"}],"wp:featuredmedia":[{"embeddable":true,"href":"https:\/\/mon-atelier-creatif.fr\/index.php\/wp-json\/wp\/v2\/media\/7457"}],"wp:attachment":[{"href":"https:\/\/mon-atelier-creatif.fr\/index.php\/wp-json\/wp\/v2\/media?parent=7456"}],"wp:term":[{"taxonomy":"product_cat","embeddable":true,"href":"https:\/\/mon-atelier-creatif.fr\/index.php\/wp-json\/wp\/v2\/product_cat?post=7456"},{"taxonomy":"product_tag","embeddable":true,"href":"https:\/\/mon-atelier-creatif.fr\/index.php\/wp-json\/wp\/v2\/product_tag?post=7456"}],"curies":[{"name":"wp","href":"https:\/\/api.w.org\/{rel}","templated":true}]}}