{"id":7479,"date":"2025-12-27T18:41:05","date_gmt":"2025-12-27T17:41:05","guid":{"rendered":"https:\/\/mon-atelier-creatif.fr\/?post_type=product&#038;p=7479"},"modified":"2025-12-29T14:20:17","modified_gmt":"2025-12-29T13:20:17","slug":"merci-maitresse","status":"publish","type":"product","link":"https:\/\/mon-atelier-creatif.fr\/index.php\/product\/merci-maitresse\/","title":{"rendered":"Merci Ma\u00eetresse"},"content":{"rendered":"","protected":false},"excerpt":{"rendered":"<p><strong>REF-65<\/strong><\/p>\n<p>Une jolie fa\u00e7on de remercier la ma\u00eetresse avec cette d\u00e9coration faite en 7 couches de bois pour donner un bel effet 3D.<br \/>\nSe pose simplement sur un meuble.<\/p>\n<p><strong>Contactez-moi par mail ou t\u00e9l\u00e9phone pour tous renseignements ou commande<\/strong><\/p>\n","protected":false},"featured_media":7480,"comment_status":"open","ping_status":"closed","template":"","meta":[],"product_cat":[249,215,270,175],"product_tag":[],"class_list":{"0":"post-7479","1":"product","2":"type-product","3":"status-publish","4":"has-post-thumbnail","6":"product_cat-decorations","7":"product_cat-en-bois","8":"product_cat-en-bois-idees-cadeaux","9":"product_cat-idees-cadeaux","10":"notblog","12":"first","13":"instock","14":"shipping-taxable","15":"purchasable","16":"product-type-simple"},"aioseo_notices":[],"jetpack_sharing_enabled":true,"_links":{"self":[{"href":"https:\/\/mon-atelier-creatif.fr\/index.php\/wp-json\/wp\/v2\/product\/7479","targetHints":{"allow":["GET"]}}],"collection":[{"href":"https:\/\/mon-atelier-creatif.fr\/index.php\/wp-json\/wp\/v2\/product"}],"about":[{"href":"https:\/\/mon-atelier-creatif.fr\/index.php\/wp-json\/wp\/v2\/types\/product"}],"replies":[{"embeddable":true,"href":"https:\/\/mon-atelier-creatif.fr\/index.php\/wp-json\/wp\/v2\/comments?post=7479"}],"wp:featuredmedia":[{"embeddable":true,"href":"https:\/\/mon-atelier-creatif.fr\/index.php\/wp-json\/wp\/v2\/media\/7480"}],"wp:attachment":[{"href":"https:\/\/mon-atelier-creatif.fr\/index.php\/wp-json\/wp\/v2\/media?parent=7479"}],"wp:term":[{"taxonomy":"product_cat","embeddable":true,"href":"https:\/\/mon-atelier-creatif.fr\/index.php\/wp-json\/wp\/v2\/product_cat?post=7479"},{"taxonomy":"product_tag","embeddable":true,"href":"https:\/\/mon-atelier-creatif.fr\/index.php\/wp-json\/wp\/v2\/product_tag?post=7479"}],"curies":[{"name":"wp","href":"https:\/\/api.w.org\/{rel}","templated":true}]}}