{"id":7493,"date":"2025-12-27T20:25:32","date_gmt":"2025-12-27T19:25:32","guid":{"rendered":"https:\/\/mon-atelier-creatif.fr\/?post_type=product&#038;p=7493"},"modified":"2025-12-28T11:40:00","modified_gmt":"2025-12-28T10:40:00","slug":"lanterne-lumineuse-ourson","status":"publish","type":"product","link":"https:\/\/mon-atelier-creatif.fr\/index.php\/product\/lanterne-lumineuse-ourson\/","title":{"rendered":"Lanterne lumineuse ourson"},"content":{"rendered":"","protected":false},"excerpt":{"rendered":"<p><strong>REF-1306<\/strong><br \/>\nUne veilleuse qui deviendra vite la meilleure amie de votre enfant.<br \/>\nMunie d&#8217;une guirlande \u00e0 piles, elle cr\u00e9era une atmosph\u00e8re s\u00e9curisante.<br \/>\nJe peux rajouter le pr\u00e9nom de l&#8217;enfant pour un cadeau encore plus personnalis\u00e9.<br \/>\n<strong>Contactez-moi par mail ou t\u00e9l\u00e9phone pour tous renseignements ou pour passer commande<\/strong><\/p>\n","protected":false},"featured_media":7494,"comment_status":"open","ping_status":"closed","template":"","meta":[],"product_cat":[249,215,270,151,252,175,168,248,177],"product_tag":[],"class_list":{"0":"post-7493","1":"product","2":"type-product","3":"status-publish","4":"has-post-thumbnail","6":"product_cat-decorations","7":"product_cat-en-bois","8":"product_cat-en-bois-idees-cadeaux","9":"product_cat-evenements","10":"product_cat-famille","11":"product_cat-idees-cadeaux","12":"product_cat-evenements-7","13":"product_cat-naissance","14":"product_cat-produits","15":"notblog","17":"first","18":"instock","19":"shipping-taxable","20":"purchasable","21":"product-type-simple"},"aioseo_notices":[],"jetpack_sharing_enabled":true,"_links":{"self":[{"href":"https:\/\/mon-atelier-creatif.fr\/index.php\/wp-json\/wp\/v2\/product\/7493","targetHints":{"allow":["GET"]}}],"collection":[{"href":"https:\/\/mon-atelier-creatif.fr\/index.php\/wp-json\/wp\/v2\/product"}],"about":[{"href":"https:\/\/mon-atelier-creatif.fr\/index.php\/wp-json\/wp\/v2\/types\/product"}],"replies":[{"embeddable":true,"href":"https:\/\/mon-atelier-creatif.fr\/index.php\/wp-json\/wp\/v2\/comments?post=7493"}],"wp:featuredmedia":[{"embeddable":true,"href":"https:\/\/mon-atelier-creatif.fr\/index.php\/wp-json\/wp\/v2\/media\/7494"}],"wp:attachment":[{"href":"https:\/\/mon-atelier-creatif.fr\/index.php\/wp-json\/wp\/v2\/media?parent=7493"}],"wp:term":[{"taxonomy":"product_cat","embeddable":true,"href":"https:\/\/mon-atelier-creatif.fr\/index.php\/wp-json\/wp\/v2\/product_cat?post=7493"},{"taxonomy":"product_tag","embeddable":true,"href":"https:\/\/mon-atelier-creatif.fr\/index.php\/wp-json\/wp\/v2\/product_tag?post=7493"}],"curies":[{"name":"wp","href":"https:\/\/api.w.org\/{rel}","templated":true}]}}