{"id":7499,"date":"2025-12-28T12:20:39","date_gmt":"2025-12-28T11:20:39","guid":{"rendered":"https:\/\/mon-atelier-creatif.fr\/?post_type=product&#038;p=7499"},"modified":"2025-12-28T12:20:39","modified_gmt":"2025-12-28T11:20:39","slug":"cadre-photo-naissance","status":"publish","type":"product","link":"https:\/\/mon-atelier-creatif.fr\/index.php\/product\/cadre-photo-naissance\/","title":{"rendered":"Cadre photo naissance"},"content":{"rendered":"","protected":false},"excerpt":{"rendered":"<p><strong>REF-753<\/strong><br \/>\nUn joli cadre pour la naissance d&#8217;un enfant. Il y a de not\u00e9 le poids, la taille, l&#8217;heure et le jour de naissance, et enfin le pr\u00e9nom.<br \/>\nune photo y sera ins\u00e9r\u00e9 afin de pouvoir offrir un cadeau de naissance vraiment personnalis\u00e9.<br \/>\n<strong>Contactez-moi par mail ou t\u00e9l\u00e9phone pour tous renseignements ou pour passer commande<\/strong><\/p>\n","protected":false},"featured_media":5797,"comment_status":"open","ping_status":"closed","template":"","meta":[],"product_cat":[251,249,270,151,252,175,168,248],"product_tag":[],"class_list":{"0":"post-7499","1":"product","2":"type-product","3":"status-publish","4":"has-post-thumbnail","6":"product_cat-cadres-photos","7":"product_cat-decorations","8":"product_cat-en-bois-idees-cadeaux","9":"product_cat-evenements","10":"product_cat-famille","11":"product_cat-idees-cadeaux","12":"product_cat-evenements-7","13":"product_cat-naissance","14":"notblog","16":"first","17":"instock","18":"shipping-taxable","19":"purchasable","20":"product-type-simple"},"aioseo_notices":[],"jetpack_sharing_enabled":true,"_links":{"self":[{"href":"https:\/\/mon-atelier-creatif.fr\/index.php\/wp-json\/wp\/v2\/product\/7499","targetHints":{"allow":["GET"]}}],"collection":[{"href":"https:\/\/mon-atelier-creatif.fr\/index.php\/wp-json\/wp\/v2\/product"}],"about":[{"href":"https:\/\/mon-atelier-creatif.fr\/index.php\/wp-json\/wp\/v2\/types\/product"}],"replies":[{"embeddable":true,"href":"https:\/\/mon-atelier-creatif.fr\/index.php\/wp-json\/wp\/v2\/comments?post=7499"}],"wp:featuredmedia":[{"embeddable":true,"href":"https:\/\/mon-atelier-creatif.fr\/index.php\/wp-json\/wp\/v2\/media\/5797"}],"wp:attachment":[{"href":"https:\/\/mon-atelier-creatif.fr\/index.php\/wp-json\/wp\/v2\/media?parent=7499"}],"wp:term":[{"taxonomy":"product_cat","embeddable":true,"href":"https:\/\/mon-atelier-creatif.fr\/index.php\/wp-json\/wp\/v2\/product_cat?post=7499"},{"taxonomy":"product_tag","embeddable":true,"href":"https:\/\/mon-atelier-creatif.fr\/index.php\/wp-json\/wp\/v2\/product_tag?post=7499"}],"curies":[{"name":"wp","href":"https:\/\/api.w.org\/{rel}","templated":true}]}}