{"id":7503,"date":"2025-12-29T12:58:31","date_gmt":"2025-12-29T11:58:31","guid":{"rendered":"https:\/\/mon-atelier-creatif.fr\/?post_type=product&#038;p=7503"},"modified":"2025-12-29T12:58:32","modified_gmt":"2025-12-29T11:58:32","slug":"boite-a-dents","status":"publish","type":"product","link":"https:\/\/mon-atelier-creatif.fr\/index.php\/product\/boite-a-dents\/","title":{"rendered":"Bo\u00eete \u00e0 dents"},"content":{"rendered":"","protected":false},"excerpt":{"rendered":"<p><strong>REF-1292<\/strong><br \/>\nUne jolie bo\u00eete pour d\u00e9poser chaque dents perdues \u00e0 sa place.<br \/>\nUn cadeau original et qui peu \u00eatre personnalis\u00e9 en ajoutant le pr\u00e9nom de l&#8217;enfant.(Pr\u00e9voir 1\u20ac de plus pour la gravure).<br \/>\n<strong>Contactez-moi par mail ou t\u00e9l\u00e9phone pour tous renseignements ou pour passer commande<\/strong><\/p>\n","protected":false},"featured_media":7504,"comment_status":"open","ping_status":"closed","template":"","meta":[],"product_cat":[213,270,151,252,175,168,248],"product_tag":[],"class_list":{"0":"post-7503","1":"product","2":"type-product","3":"status-publish","4":"has-post-thumbnail","6":"product_cat-anniversaire","7":"product_cat-en-bois-idees-cadeaux","8":"product_cat-evenements","9":"product_cat-famille","10":"product_cat-idees-cadeaux","11":"product_cat-evenements-7","12":"product_cat-naissance","13":"notblog","15":"first","16":"instock","17":"shipping-taxable","18":"purchasable","19":"product-type-simple"},"aioseo_notices":[],"jetpack_sharing_enabled":true,"_links":{"self":[{"href":"https:\/\/mon-atelier-creatif.fr\/index.php\/wp-json\/wp\/v2\/product\/7503","targetHints":{"allow":["GET"]}}],"collection":[{"href":"https:\/\/mon-atelier-creatif.fr\/index.php\/wp-json\/wp\/v2\/product"}],"about":[{"href":"https:\/\/mon-atelier-creatif.fr\/index.php\/wp-json\/wp\/v2\/types\/product"}],"replies":[{"embeddable":true,"href":"https:\/\/mon-atelier-creatif.fr\/index.php\/wp-json\/wp\/v2\/comments?post=7503"}],"wp:featuredmedia":[{"embeddable":true,"href":"https:\/\/mon-atelier-creatif.fr\/index.php\/wp-json\/wp\/v2\/media\/7504"}],"wp:attachment":[{"href":"https:\/\/mon-atelier-creatif.fr\/index.php\/wp-json\/wp\/v2\/media?parent=7503"}],"wp:term":[{"taxonomy":"product_cat","embeddable":true,"href":"https:\/\/mon-atelier-creatif.fr\/index.php\/wp-json\/wp\/v2\/product_cat?post=7503"},{"taxonomy":"product_tag","embeddable":true,"href":"https:\/\/mon-atelier-creatif.fr\/index.php\/wp-json\/wp\/v2\/product_tag?post=7503"}],"curies":[{"name":"wp","href":"https:\/\/api.w.org\/{rel}","templated":true}]}}