{"id":7512,"date":"2025-12-29T13:12:55","date_gmt":"2025-12-29T12:12:55","guid":{"rendered":"https:\/\/mon-atelier-creatif.fr\/?post_type=product&#038;p=7512"},"modified":"2025-12-29T13:12:55","modified_gmt":"2025-12-29T12:12:55","slug":"jeu-a-trous-herisson","status":"publish","type":"product","link":"https:\/\/mon-atelier-creatif.fr\/index.php\/product\/jeu-a-trous-herisson\/","title":{"rendered":"Jeu \u00e0 trous (h\u00e9risson)"},"content":{"rendered":"","protected":false},"excerpt":{"rendered":"<p><strong>REF-1308<\/strong><br \/>\nUn jeu tr\u00e8s ludique car il demande de la dext\u00e9rit\u00e9 des mains pour mettre chaque pompon \u00e0 sa place \u00e0 l\u2019aide de la pince fournie.<br \/>\nCe jeu, tr\u00e8s appr\u00e9ci\u00e9 des plus jeunes permet la concentration et offre un moment de jeu calme.<br \/>\nPince et pompons sont fournis<br \/>\n<strong>Contactez-moi par mail ou t\u00e9l\u00e9phone pour tous renseignements ou pour passer commande<\/strong><\/p>\n","protected":false},"featured_media":7513,"comment_status":"open","ping_status":"closed","template":"","meta":[],"product_cat":[213,270,151,175,240,239],"product_tag":[],"class_list":{"0":"post-7512","1":"product","2":"type-product","3":"status-publish","4":"has-post-thumbnail","6":"product_cat-anniversaire","7":"product_cat-en-bois-idees-cadeaux","8":"product_cat-evenements","9":"product_cat-idees-cadeaux","10":"product_cat-jeux-en-bois","11":"product_cat-jeux-enfants","12":"notblog","14":"first","15":"instock","16":"shipping-taxable","17":"purchasable","18":"product-type-simple"},"aioseo_notices":[],"jetpack_sharing_enabled":true,"_links":{"self":[{"href":"https:\/\/mon-atelier-creatif.fr\/index.php\/wp-json\/wp\/v2\/product\/7512","targetHints":{"allow":["GET"]}}],"collection":[{"href":"https:\/\/mon-atelier-creatif.fr\/index.php\/wp-json\/wp\/v2\/product"}],"about":[{"href":"https:\/\/mon-atelier-creatif.fr\/index.php\/wp-json\/wp\/v2\/types\/product"}],"replies":[{"embeddable":true,"href":"https:\/\/mon-atelier-creatif.fr\/index.php\/wp-json\/wp\/v2\/comments?post=7512"}],"wp:featuredmedia":[{"embeddable":true,"href":"https:\/\/mon-atelier-creatif.fr\/index.php\/wp-json\/wp\/v2\/media\/7513"}],"wp:attachment":[{"href":"https:\/\/mon-atelier-creatif.fr\/index.php\/wp-json\/wp\/v2\/media?parent=7512"}],"wp:term":[{"taxonomy":"product_cat","embeddable":true,"href":"https:\/\/mon-atelier-creatif.fr\/index.php\/wp-json\/wp\/v2\/product_cat?post=7512"},{"taxonomy":"product_tag","embeddable":true,"href":"https:\/\/mon-atelier-creatif.fr\/index.php\/wp-json\/wp\/v2\/product_tag?post=7512"}],"curies":[{"name":"wp","href":"https:\/\/api.w.org\/{rel}","templated":true}]}}