{"id":7518,"date":"2025-12-29T13:33:26","date_gmt":"2025-12-29T12:33:26","guid":{"rendered":"https:\/\/mon-atelier-creatif.fr\/?post_type=product&#038;p=7518"},"modified":"2025-12-29T13:33:26","modified_gmt":"2025-12-29T12:33:26","slug":"arbre-de-vie-sur-socle","status":"publish","type":"product","link":"https:\/\/mon-atelier-creatif.fr\/index.php\/product\/arbre-de-vie-sur-socle\/","title":{"rendered":"Arbre de vie sur socle"},"content":{"rendered":"","protected":false},"excerpt":{"rendered":"<p><strong>REF733<\/strong><\/p>\n<p>Un arbre de vie pos\u00e9 sur son socle. Tous les membres de la famille aux pr\u00e9noms grav\u00e9s sur des c\u0153urs en bois et dispos\u00e9s sur l&#8217;ensemble de l&#8217;arbre.<br \/>\nPossibilit\u00e9 de rajouter un texte en gravure sur le devant du socle sur simple demande.<br \/>\n<strong> Contactez-moi par mail ou t\u00e9l\u00e9phone pour tous renseignements ou pour passer commande <\/strong><\/p>\n","protected":false},"featured_media":7519,"comment_status":"open","ping_status":"closed","template":"","meta":[],"product_cat":[213,249,270,151,252,175],"product_tag":[],"class_list":{"0":"post-7518","1":"product","2":"type-product","3":"status-publish","4":"has-post-thumbnail","6":"product_cat-anniversaire","7":"product_cat-decorations","8":"product_cat-en-bois-idees-cadeaux","9":"product_cat-evenements","10":"product_cat-famille","11":"product_cat-idees-cadeaux","12":"notblog","14":"first","15":"instock","16":"shipping-taxable","17":"purchasable","18":"product-type-simple"},"aioseo_notices":[],"jetpack_sharing_enabled":true,"_links":{"self":[{"href":"https:\/\/mon-atelier-creatif.fr\/index.php\/wp-json\/wp\/v2\/product\/7518","targetHints":{"allow":["GET"]}}],"collection":[{"href":"https:\/\/mon-atelier-creatif.fr\/index.php\/wp-json\/wp\/v2\/product"}],"about":[{"href":"https:\/\/mon-atelier-creatif.fr\/index.php\/wp-json\/wp\/v2\/types\/product"}],"replies":[{"embeddable":true,"href":"https:\/\/mon-atelier-creatif.fr\/index.php\/wp-json\/wp\/v2\/comments?post=7518"}],"wp:featuredmedia":[{"embeddable":true,"href":"https:\/\/mon-atelier-creatif.fr\/index.php\/wp-json\/wp\/v2\/media\/7519"}],"wp:attachment":[{"href":"https:\/\/mon-atelier-creatif.fr\/index.php\/wp-json\/wp\/v2\/media?parent=7518"}],"wp:term":[{"taxonomy":"product_cat","embeddable":true,"href":"https:\/\/mon-atelier-creatif.fr\/index.php\/wp-json\/wp\/v2\/product_cat?post=7518"},{"taxonomy":"product_tag","embeddable":true,"href":"https:\/\/mon-atelier-creatif.fr\/index.php\/wp-json\/wp\/v2\/product_tag?post=7518"}],"curies":[{"name":"wp","href":"https:\/\/api.w.org\/{rel}","templated":true}]}}