{"id":7521,"date":"2025-12-29T13:42:42","date_gmt":"2025-12-29T12:42:42","guid":{"rendered":"https:\/\/mon-atelier-creatif.fr\/?post_type=product&#038;p=7521"},"modified":"2025-12-29T13:42:43","modified_gmt":"2025-12-29T12:42:43","slug":"cadre-photo-naissance-2","status":"publish","type":"product","link":"https:\/\/mon-atelier-creatif.fr\/index.php\/product\/cadre-photo-naissance-2\/","title":{"rendered":"Cadre photo naissance"},"content":{"rendered":"","protected":false},"excerpt":{"rendered":"<p><strong>REF-310<\/strong><br \/>\nUn joli cadre pour la naissance d\u2019un enfant. Il y a de not\u00e9 le poids, la taille, l\u2019heure et le jour de naissance, et enfin le pr\u00e9nom.<br \/>\nune photo y sera ins\u00e9r\u00e9 afin de pouvoir offrir un cadeau de naissance vraiment personnalis\u00e9.<br \/>\n<strong>Contactez-moi par mail ou t\u00e9l\u00e9phone pour tous renseignements ou pour passer commande<\/strong><\/p>\n","protected":false},"featured_media":7522,"comment_status":"open","ping_status":"closed","template":"","meta":[],"product_cat":[176,251,249,270,151,175,168,248],"product_tag":[],"class_list":{"0":"post-7521","1":"product","2":"type-product","3":"status-publish","4":"has-post-thumbnail","6":"product_cat-cadres-photos-2","7":"product_cat-cadres-photos","8":"product_cat-decorations","9":"product_cat-en-bois-idees-cadeaux","10":"product_cat-evenements","11":"product_cat-idees-cadeaux","12":"product_cat-evenements-7","13":"product_cat-naissance","14":"notblog","16":"first","17":"instock","18":"shipping-taxable","19":"purchasable","20":"product-type-simple"},"aioseo_notices":[],"jetpack_sharing_enabled":true,"_links":{"self":[{"href":"https:\/\/mon-atelier-creatif.fr\/index.php\/wp-json\/wp\/v2\/product\/7521","targetHints":{"allow":["GET"]}}],"collection":[{"href":"https:\/\/mon-atelier-creatif.fr\/index.php\/wp-json\/wp\/v2\/product"}],"about":[{"href":"https:\/\/mon-atelier-creatif.fr\/index.php\/wp-json\/wp\/v2\/types\/product"}],"replies":[{"embeddable":true,"href":"https:\/\/mon-atelier-creatif.fr\/index.php\/wp-json\/wp\/v2\/comments?post=7521"}],"wp:featuredmedia":[{"embeddable":true,"href":"https:\/\/mon-atelier-creatif.fr\/index.php\/wp-json\/wp\/v2\/media\/7522"}],"wp:attachment":[{"href":"https:\/\/mon-atelier-creatif.fr\/index.php\/wp-json\/wp\/v2\/media?parent=7521"}],"wp:term":[{"taxonomy":"product_cat","embeddable":true,"href":"https:\/\/mon-atelier-creatif.fr\/index.php\/wp-json\/wp\/v2\/product_cat?post=7521"},{"taxonomy":"product_tag","embeddable":true,"href":"https:\/\/mon-atelier-creatif.fr\/index.php\/wp-json\/wp\/v2\/product_tag?post=7521"}],"curies":[{"name":"wp","href":"https:\/\/api.w.org\/{rel}","templated":true}]}}